{"id":16159,"date":"2023-11-04T21:04:54","date_gmt":"2023-11-04T18:04:54","guid":{"rendered":"https:\/\/summerdesign.ee\/toode\/cricut-ketasloikur-koos-peaga\/"},"modified":"2025-10-22T15:48:49","modified_gmt":"2025-10-22T12:48:49","slug":"cricut-ketasloikur-koos-peaga","status":"publish","type":"product","link":"https:\/\/summerdesign.ee\/en\/pood\/ettetellimine\/cricut-tooted-tellimisega\/cricut-ketasloikur-koos-peaga\/","title":{"rendered":"Cricut ketasl\u00f5ikur koos peaga"},"content":{"rendered":"<p>P\u00f6\u00f6rleva peaga ketasl\u00f5ikur on sobilik kanga l\u00f5ikamiseks.&nbsp;Samuti saate l\u00f5igata v\u00e4ga \u00f5rnaid materjale, nagu krepp- ja siidipaber.<br \/>\nSobib ainult Cricut Maker ja Maker 3 masinatele!<\/p>","protected":false},"excerpt":{"rendered":"<p>Toode on ettetellimisega ja ooteaeg 3-4 n\u00e4dalat!<\/p>","protected":false},"featured_media":16158,"template":"","meta":[],"product_brand":[],"product_cat":[621],"product_tag":[],"class_list":{"0":"post-16159","1":"product","2":"type-product","3":"status-publish","4":"has-post-thumbnail","6":"product_cat-cricut-tooted-tellimisega","8":"first","9":"onbackorder","10":"taxable","11":"shipping-taxable","12":"purchasable","13":"product-type-simple","14":"prodpage-classic"},"_links":{"self":[{"href":"https:\/\/summerdesign.ee\/en\/wp-json\/wp\/v2\/product\/16159","targetHints":{"allow":["GET"]}}],"collection":[{"href":"https:\/\/summerdesign.ee\/en\/wp-json\/wp\/v2\/product"}],"about":[{"href":"https:\/\/summerdesign.ee\/en\/wp-json\/wp\/v2\/types\/product"}],"wp:featuredmedia":[{"embeddable":true,"href":"https:\/\/summerdesign.ee\/en\/wp-json\/wp\/v2\/media\/16158"}],"wp:attachment":[{"href":"https:\/\/summerdesign.ee\/en\/wp-json\/wp\/v2\/media?parent=16159"}],"wp:term":[{"taxonomy":"product_brand","embeddable":true,"href":"https:\/\/summerdesign.ee\/en\/wp-json\/wp\/v2\/product_brand?post=16159"},{"taxonomy":"product_cat","embeddable":true,"href":"https:\/\/summerdesign.ee\/en\/wp-json\/wp\/v2\/product_cat?post=16159"},{"taxonomy":"product_tag","embeddable":true,"href":"https:\/\/summerdesign.ee\/en\/wp-json\/wp\/v2\/product_tag?post=16159"}],"curies":[{"name":"wp","href":"https:\/\/api.w.org\/{rel}","templated":true}]}}