{"id":15659,"date":"2023-10-20T23:15:59","date_gmt":"2023-10-20T20:15:59","guid":{"rendered":"https:\/\/summerdesign.ee\/toode\/pressboss-pro-a4-paberiloikamismasin\/"},"modified":"2025-11-02T11:26:01","modified_gmt":"2025-11-02T08:26:01","slug":"pressboss-pro-a4-paberiloikamismasin","status":"publish","type":"product","link":"https:\/\/summerdesign.ee\/en\/pood\/ettetellimine\/tarvikud-tellimisega\/pressboss-pro-a4-paberiloikamismasin\/","title":{"rendered":"PressBoss Pro A4 paberil\u00f5ikamismasin"},"content":{"rendered":"<p>Nellie Snellen Press Boss Pro A4&nbsp;l\u00f5ike- ja pressimismasin on reguleeritava survetugevusega&nbsp;<br \/>\nMasinaga on kaasas: valge l\u00f5ikamisplaat, l\u00e4bipaistev pealisplaat ja silikoonmatt.<br \/>\nSobib kasutamiseks k\u00f5ikide erinevate l\u00f5iketerade ja tekstuurplaatidega.&nbsp;<\/p>","protected":false},"excerpt":{"rendered":"<p>Toode on ettetellimisega ja ooteaeg 10-14 t\u00f6\u00f6p\u00e4eva!<\/p>","protected":false},"featured_media":15658,"template":"","meta":[],"product_brand":[],"product_cat":[635],"product_tag":[],"class_list":{"0":"post-15659","1":"product","2":"type-product","3":"status-publish","4":"has-post-thumbnail","6":"product_cat-tarvikud-tellimisega","8":"first","9":"onbackorder","10":"taxable","11":"shipping-taxable","12":"purchasable","13":"product-type-simple","14":"prodpage-classic"},"_links":{"self":[{"href":"https:\/\/summerdesign.ee\/en\/wp-json\/wp\/v2\/product\/15659","targetHints":{"allow":["GET"]}}],"collection":[{"href":"https:\/\/summerdesign.ee\/en\/wp-json\/wp\/v2\/product"}],"about":[{"href":"https:\/\/summerdesign.ee\/en\/wp-json\/wp\/v2\/types\/product"}],"wp:featuredmedia":[{"embeddable":true,"href":"https:\/\/summerdesign.ee\/en\/wp-json\/wp\/v2\/media\/15658"}],"wp:attachment":[{"href":"https:\/\/summerdesign.ee\/en\/wp-json\/wp\/v2\/media?parent=15659"}],"wp:term":[{"taxonomy":"product_brand","embeddable":true,"href":"https:\/\/summerdesign.ee\/en\/wp-json\/wp\/v2\/product_brand?post=15659"},{"taxonomy":"product_cat","embeddable":true,"href":"https:\/\/summerdesign.ee\/en\/wp-json\/wp\/v2\/product_cat?post=15659"},{"taxonomy":"product_tag","embeddable":true,"href":"https:\/\/summerdesign.ee\/en\/wp-json\/wp\/v2\/product_tag?post=15659"}],"curies":[{"name":"wp","href":"https:\/\/api.w.org\/{rel}","templated":true}]}}