{"id":15560,"date":"2023-10-19T13:24:04","date_gmt":"2023-10-19T10:24:04","guid":{"rendered":"https:\/\/summerdesign.ee\/toode\/nellies-choice-tembeldamise-platvorm\/"},"modified":"2025-10-23T13:53:18","modified_gmt":"2025-10-23T10:53:18","slug":"nellies-choice-tembeldamise-platvorm","status":"publish","type":"product","link":"https:\/\/summerdesign.ee\/en\/pood\/ettetellimine\/tarvikud-tellimisega\/nellies-choice-tembeldamise-platvorm\/","title":{"rendered":"Nellie\u2019s Choice tembeldamise platvorm"},"content":{"rendered":"<p>V\u00e4ga hea abivahend templite tegemisel, sest templite tegemine \u00f5nnestub 100%.&nbsp; Platvorm hoiab \u00e4ra selle et tempel ei ole \u00fchtlaselt templiv\u00e4rviga \u00f5nnestunud vms. Lisa templile v\u00e4rvi juurde ja vajuta platvormi kaas uuesti kinni ning tempel tuleb t\u00e4pselt samasse kohta kuna v\u00e4ikeste magnetitega on paber paigal.<\/p>","protected":false},"excerpt":{"rendered":"<p>M\u00f5\u00f5dud: 26,4 x 23,9 x 3,2 cm<\/p>","protected":false},"featured_media":15559,"template":"","meta":[],"product_brand":[],"product_cat":[635],"product_tag":[],"class_list":{"0":"post-15560","1":"product","2":"type-product","3":"status-publish","4":"has-post-thumbnail","6":"product_cat-tarvikud-tellimisega","8":"first","9":"onbackorder","10":"taxable","11":"shipping-taxable","12":"purchasable","13":"product-type-simple","14":"prodpage-classic"},"_links":{"self":[{"href":"https:\/\/summerdesign.ee\/en\/wp-json\/wp\/v2\/product\/15560","targetHints":{"allow":["GET"]}}],"collection":[{"href":"https:\/\/summerdesign.ee\/en\/wp-json\/wp\/v2\/product"}],"about":[{"href":"https:\/\/summerdesign.ee\/en\/wp-json\/wp\/v2\/types\/product"}],"wp:featuredmedia":[{"embeddable":true,"href":"https:\/\/summerdesign.ee\/en\/wp-json\/wp\/v2\/media\/15559"}],"wp:attachment":[{"href":"https:\/\/summerdesign.ee\/en\/wp-json\/wp\/v2\/media?parent=15560"}],"wp:term":[{"taxonomy":"product_brand","embeddable":true,"href":"https:\/\/summerdesign.ee\/en\/wp-json\/wp\/v2\/product_brand?post=15560"},{"taxonomy":"product_cat","embeddable":true,"href":"https:\/\/summerdesign.ee\/en\/wp-json\/wp\/v2\/product_cat?post=15560"},{"taxonomy":"product_tag","embeddable":true,"href":"https:\/\/summerdesign.ee\/en\/wp-json\/wp\/v2\/product_tag?post=15560"}],"curies":[{"name":"wp","href":"https:\/\/api.w.org\/{rel}","templated":true}]}}