{"id":15528,"date":"2023-10-19T13:23:30","date_gmt":"2023-10-19T10:23:30","guid":{"rendered":"https:\/\/summerdesign.ee\/toode\/studio-light-konksuga-tooriist\/"},"modified":"2025-11-20T03:00:09","modified_gmt":"2025-11-20T00:00:09","slug":"studio-light-konksuga-tooriist","status":"publish","type":"product","link":"https:\/\/summerdesign.ee\/en\/pood\/tarvikud\/toovahendid\/studio-light-konksuga-tooriist\/","title":{"rendered":"Studio Light konksuga t\u00f6\u00f6riist"},"content":{"rendered":"<p>Essentials Tools firmalt Studio Light. Konksuga t\u00f6\u00f6riist, millega on v\u00e4ga hea n\u00e4iteks triigitavate ja vin\u00fc\u00fclkleebistel \u00fcleliigseid t\u00fckke nokkida.&nbsp; Selle t\u00f6\u00f6riista otsas on ainulaadne kumer kuju, mis muudab kahepoolse teibi tagak\u00fclje eemaldamise v\u00e4ikestelt stantsitud t\u00fckkidelt palju lihtsamaks, kahjustamata seejuures t\u00fcki paberipiirkondi. V\u00e4ga kasulik ka matriitidest paberi eemaldamiseks ning v\u00e4ikeste osade korjamiseks, juhtimiseks ja kinnitamiseks.<\/p>","protected":false},"excerpt":{"rendered":"<p>M\u00f5\u00f5dud: 13 x 158 x 10 mm<\/p>","protected":false},"featured_media":19427,"template":"","meta":[],"product_brand":[],"product_cat":[287],"product_tag":[],"class_list":{"0":"post-15528","1":"product","2":"type-product","3":"status-publish","4":"has-post-thumbnail","6":"product_cat-toovahendid","8":"first","9":"instock","10":"taxable","11":"shipping-taxable","12":"purchasable","13":"product-type-simple","14":"prodpage-classic"},"_links":{"self":[{"href":"https:\/\/summerdesign.ee\/en\/wp-json\/wp\/v2\/product\/15528","targetHints":{"allow":["GET"]}}],"collection":[{"href":"https:\/\/summerdesign.ee\/en\/wp-json\/wp\/v2\/product"}],"about":[{"href":"https:\/\/summerdesign.ee\/en\/wp-json\/wp\/v2\/types\/product"}],"wp:featuredmedia":[{"embeddable":true,"href":"https:\/\/summerdesign.ee\/en\/wp-json\/wp\/v2\/media\/19427"}],"wp:attachment":[{"href":"https:\/\/summerdesign.ee\/en\/wp-json\/wp\/v2\/media?parent=15528"}],"wp:term":[{"taxonomy":"product_brand","embeddable":true,"href":"https:\/\/summerdesign.ee\/en\/wp-json\/wp\/v2\/product_brand?post=15528"},{"taxonomy":"product_cat","embeddable":true,"href":"https:\/\/summerdesign.ee\/en\/wp-json\/wp\/v2\/product_cat?post=15528"},{"taxonomy":"product_tag","embeddable":true,"href":"https:\/\/summerdesign.ee\/en\/wp-json\/wp\/v2\/product_tag?post=15528"}],"curies":[{"name":"wp","href":"https:\/\/api.w.org\/{rel}","templated":true}]}}