{"id":15520,"date":"2023-10-19T13:23:24","date_gmt":"2023-10-19T10:23:24","guid":{"rendered":"https:\/\/summerdesign.ee\/toode\/cricut-lilla-matt-suur\/"},"modified":"2026-05-12T03:00:44","modified_gmt":"2026-05-12T00:00:44","slug":"cricut-lilla-matt-suur","status":"publish","type":"product","link":"https:\/\/summerdesign.ee\/en\/pood\/cricut\/cricut-lilla-matt-suur\/","title":{"rendered":"Cricut lilla matt suur"},"content":{"rendered":"<p>Cricut mattide sarja k\u00f5ige tugevama liimikihiga matt, mis sobib paksemate materjalide l\u00f5ikamiseks. Pakis on 1 matt. M\u00f5\u00f5t: 30,5 x 61 cm<\/p>","protected":false},"excerpt":{"rendered":"<p>Cricut mattide sarja k\u00f5ige tugevama liimikihiga matt, mis sobib paksemate materjalide l\u00f5ikamiseks. Pakis on 1 matt. M\u00f5\u00f5t: 30,5 x 61 cm<\/p>","protected":false},"featured_media":15519,"template":"","meta":[],"product_brand":[],"product_cat":[625],"product_tag":[],"class_list":{"0":"post-15520","1":"product","2":"type-product","3":"status-publish","4":"has-post-thumbnail","6":"product_cat-cricut","8":"first","9":"instock","10":"taxable","11":"shipping-taxable","12":"purchasable","13":"product-type-simple","14":"prodpage-classic"},"_links":{"self":[{"href":"https:\/\/summerdesign.ee\/en\/wp-json\/wp\/v2\/product\/15520","targetHints":{"allow":["GET"]}}],"collection":[{"href":"https:\/\/summerdesign.ee\/en\/wp-json\/wp\/v2\/product"}],"about":[{"href":"https:\/\/summerdesign.ee\/en\/wp-json\/wp\/v2\/types\/product"}],"wp:featuredmedia":[{"embeddable":true,"href":"https:\/\/summerdesign.ee\/en\/wp-json\/wp\/v2\/media\/15519"}],"wp:attachment":[{"href":"https:\/\/summerdesign.ee\/en\/wp-json\/wp\/v2\/media?parent=15520"}],"wp:term":[{"taxonomy":"product_brand","embeddable":true,"href":"https:\/\/summerdesign.ee\/en\/wp-json\/wp\/v2\/product_brand?post=15520"},{"taxonomy":"product_cat","embeddable":true,"href":"https:\/\/summerdesign.ee\/en\/wp-json\/wp\/v2\/product_cat?post=15520"},{"taxonomy":"product_tag","embeddable":true,"href":"https:\/\/summerdesign.ee\/en\/wp-json\/wp\/v2\/product_tag?post=15520"}],"curies":[{"name":"wp","href":"https:\/\/api.w.org\/{rel}","templated":true}]}}