{"id":15497,"date":"2023-10-19T13:23:00","date_gmt":"2023-10-19T10:23:00","guid":{"rendered":"https:\/\/summerdesign.ee\/toode\/labipaistev-hoiustamise-kohver-karpidega\/"},"modified":"2025-10-23T13:53:18","modified_gmt":"2025-10-23T10:53:18","slug":"labipaistev-hoiustamise-kohver-karpidega","status":"publish","type":"product","link":"https:\/\/summerdesign.ee\/en\/pood\/ettetellimine\/tarvikud-tellimisega\/labipaistev-hoiustamise-kohver-karpidega\/","title":{"rendered":"L\u00e4bipaistev hoiustamise kohver karpidega"},"content":{"rendered":"<p>Kvaliteetne l\u00e4bipaistev hoiustamise kohver, milles on 16 karpi. Karpides on v\u00e4ga hea teemade kaupa hoiustada pilte, v\u00e4ljal\u00f5ikeid, kaunistustarvikuid jne. Igal karbil on kohvris oma lahter, mille abil seisavad karbid kohvris ilusti paigal.<br \/>\nKohveri m\u00f5\u00f5dud: 37,50 x 30 x 13 cm&nbsp;<br \/>\nKarbi m\u00f5\u00f5dud: 17 x 12 x 3 cm<\/p>\n<p>&nbsp;<\/p>","protected":false},"excerpt":{"rendered":"<p>Kvaliteetne l\u00e4bipaistev hoiustamise kohver, milles on 16 karpi. Karpides on v\u00e4ga hea teemade kaupa hoiustada pilte, v\u00e4ljal\u00f5ikeid, kaunistustarvikuid jne. Igal karbil on kohvris oma lahter, mille abil seisavad karbid kohvris ilusti paigal. Kohveri m\u00f5\u00f5dud: 37,50 x 30 x 13 cm&nbsp; Karbi m\u00f5\u00f5dud: 17 x 12 x 3 cm &nbsp;<\/p>","protected":false},"featured_media":15493,"template":"","meta":[],"product_brand":[],"product_cat":[635],"product_tag":[],"class_list":{"0":"post-15497","1":"product","2":"type-product","3":"status-publish","4":"has-post-thumbnail","6":"product_cat-tarvikud-tellimisega","8":"first","9":"onbackorder","10":"taxable","11":"shipping-taxable","12":"purchasable","13":"product-type-simple","14":"prodpage-classic"},"_links":{"self":[{"href":"https:\/\/summerdesign.ee\/en\/wp-json\/wp\/v2\/product\/15497","targetHints":{"allow":["GET"]}}],"collection":[{"href":"https:\/\/summerdesign.ee\/en\/wp-json\/wp\/v2\/product"}],"about":[{"href":"https:\/\/summerdesign.ee\/en\/wp-json\/wp\/v2\/types\/product"}],"wp:featuredmedia":[{"embeddable":true,"href":"https:\/\/summerdesign.ee\/en\/wp-json\/wp\/v2\/media\/15493"}],"wp:attachment":[{"href":"https:\/\/summerdesign.ee\/en\/wp-json\/wp\/v2\/media?parent=15497"}],"wp:term":[{"taxonomy":"product_brand","embeddable":true,"href":"https:\/\/summerdesign.ee\/en\/wp-json\/wp\/v2\/product_brand?post=15497"},{"taxonomy":"product_cat","embeddable":true,"href":"https:\/\/summerdesign.ee\/en\/wp-json\/wp\/v2\/product_cat?post=15497"},{"taxonomy":"product_tag","embeddable":true,"href":"https:\/\/summerdesign.ee\/en\/wp-json\/wp\/v2\/product_tag?post=15497"}],"curies":[{"name":"wp","href":"https:\/\/api.w.org\/{rel}","templated":true}]}}