{"id":15490,"date":"2023-10-19T13:22:49","date_gmt":"2023-10-19T10:22:49","guid":{"rendered":"https:\/\/summerdesign.ee\/toode\/labipaistev-hoiustamise-karp-karpidega\/"},"modified":"2025-10-23T13:53:18","modified_gmt":"2025-10-23T10:53:18","slug":"labipaistev-hoiustamise-karp-karpidega","status":"publish","type":"product","link":"https:\/\/summerdesign.ee\/en\/pood\/ettetellimine\/tarvikud-tellimisega\/labipaistev-hoiustamise-karp-karpidega\/","title":{"rendered":"L\u00e4bipaistev hoiustamise karp karpidega"},"content":{"rendered":"<p>Kvaliteetne l\u00e4bipaistev hoiustamise karp, milles on 6 v\u00e4iksemat karpi. Karpides on v\u00e4ga hea teemade kaupa hoiustada pilte, v\u00e4ljal\u00f5ikeid, kaunistustarvikuid jne. Igal karbil on suures karbis oma lahter, mille abil seisavad karbid ilusti paigal.<\/p>\n<p>Suurema karbi m\u00f5\u00f5t on 21 x 18.5 x 14 cm, mille sees on 6 v\u00e4iksemat karpi m\u00f5\u00f5duga 17 x 12 x 3 cm.<\/p>","protected":false},"excerpt":{"rendered":"<p>Kvaliteetne l\u00e4bipaistev hoiustamise karp, milles on 6 v\u00e4iksemat karpi. Karpides on v\u00e4ga hea teemade kaupa hoiustada pilte, v\u00e4ljal\u00f5ikeid, kaunistustarvikuid jne. Igal karbil on suures karbis oma lahter, mille abil seisavad karbid ilusti paigal. Suurema karbi m\u00f5\u00f5t on 21 x 18.5 x 14 cm, mille sees on 6 v\u00e4iksemat karpi m\u00f5\u00f5duga 17 x 12 x 3<\/p>","protected":false},"featured_media":15489,"template":"","meta":[],"product_brand":[],"product_cat":[635],"product_tag":[],"class_list":{"0":"post-15490","1":"product","2":"type-product","3":"status-publish","4":"has-post-thumbnail","6":"product_cat-tarvikud-tellimisega","8":"first","9":"onbackorder","10":"taxable","11":"shipping-taxable","12":"purchasable","13":"product-type-simple","14":"prodpage-classic"},"_links":{"self":[{"href":"https:\/\/summerdesign.ee\/en\/wp-json\/wp\/v2\/product\/15490","targetHints":{"allow":["GET"]}}],"collection":[{"href":"https:\/\/summerdesign.ee\/en\/wp-json\/wp\/v2\/product"}],"about":[{"href":"https:\/\/summerdesign.ee\/en\/wp-json\/wp\/v2\/types\/product"}],"wp:featuredmedia":[{"embeddable":true,"href":"https:\/\/summerdesign.ee\/en\/wp-json\/wp\/v2\/media\/15489"}],"wp:attachment":[{"href":"https:\/\/summerdesign.ee\/en\/wp-json\/wp\/v2\/media?parent=15490"}],"wp:term":[{"taxonomy":"product_brand","embeddable":true,"href":"https:\/\/summerdesign.ee\/en\/wp-json\/wp\/v2\/product_brand?post=15490"},{"taxonomy":"product_cat","embeddable":true,"href":"https:\/\/summerdesign.ee\/en\/wp-json\/wp\/v2\/product_cat?post=15490"},{"taxonomy":"product_tag","embeddable":true,"href":"https:\/\/summerdesign.ee\/en\/wp-json\/wp\/v2\/product_tag?post=15490"}],"curies":[{"name":"wp","href":"https:\/\/api.w.org\/{rel}","templated":true}]}}