{"id":15467,"date":"2023-10-19T13:22:23","date_gmt":"2023-10-19T10:22:23","guid":{"rendered":"https:\/\/summerdesign.ee\/toode\/fotopaber-120g-10-lehte-matt\/"},"modified":"2025-10-21T20:22:24","modified_gmt":"2025-10-21T17:22:24","slug":"fotopaber-120g-10-lehte-matt","status":"publish","type":"product","link":"https:\/\/summerdesign.ee\/en\/pood\/iron-on\/fotopaber-120g-10-lehte-matt\/","title":{"rendered":"Fotopaber 120g 10 lehte &#8211; matt"},"content":{"rendered":"<p style=\"margin: 0px 0px 20px;, Helvetica, sans-serif\">V\u00e4ga kvaliteetne \u00fchepoolne matt 120g fotopaber, mis on ideaalne t\u00e4nu\u0161okolaadide ja muude&nbsp;pakendite uueks \u00fcmbriseks.<br \/>\nPrinteri seadistusest valida matt fotopaber ja k\u00f5rge tr\u00fckikvaliteet ning kasuta k\u00f5rge resolutsiooniga pildi faile ja tulemus on super.<\/p>\n<p style=\"margin: 0px 0px 20px;, Helvetica, sans-serif\">Kasutamiseks tindiprinteriga!<\/p>","protected":false},"excerpt":{"rendered":"<p>M\u00f5\u00f5t: A4 ja 120 g<br \/>\nPakis: 10 lehte<\/p>","protected":false},"featured_media":15466,"template":"","meta":[],"product_brand":[],"product_cat":[15],"product_tag":[],"class_list":{"0":"post-15467","1":"product","2":"type-product","3":"status-publish","4":"has-post-thumbnail","6":"product_cat-iron-on","8":"first","9":"outofstock","10":"taxable","11":"shipping-taxable","12":"purchasable","13":"product-type-simple","14":"prodpage-classic"},"_links":{"self":[{"href":"https:\/\/summerdesign.ee\/en\/wp-json\/wp\/v2\/product\/15467","targetHints":{"allow":["GET"]}}],"collection":[{"href":"https:\/\/summerdesign.ee\/en\/wp-json\/wp\/v2\/product"}],"about":[{"href":"https:\/\/summerdesign.ee\/en\/wp-json\/wp\/v2\/types\/product"}],"wp:featuredmedia":[{"embeddable":true,"href":"https:\/\/summerdesign.ee\/en\/wp-json\/wp\/v2\/media\/15466"}],"wp:attachment":[{"href":"https:\/\/summerdesign.ee\/en\/wp-json\/wp\/v2\/media?parent=15467"}],"wp:term":[{"taxonomy":"product_brand","embeddable":true,"href":"https:\/\/summerdesign.ee\/en\/wp-json\/wp\/v2\/product_brand?post=15467"},{"taxonomy":"product_cat","embeddable":true,"href":"https:\/\/summerdesign.ee\/en\/wp-json\/wp\/v2\/product_cat?post=15467"},{"taxonomy":"product_tag","embeddable":true,"href":"https:\/\/summerdesign.ee\/en\/wp-json\/wp\/v2\/product_tag?post=15467"}],"curies":[{"name":"wp","href":"https:\/\/api.w.org\/{rel}","templated":true}]}}