{"id":15394,"date":"2023-10-19T13:21:06","date_gmt":"2023-10-19T10:21:06","guid":{"rendered":"https:\/\/summerdesign.ee\/toode\/pitsativaha-pulgad-kuumapustolile-punane\/"},"modified":"2026-02-11T03:00:09","modified_gmt":"2026-02-11T00:00:09","slug":"pitsativaha-pulgad-kuumapustolile-punane","status":"publish","type":"product","link":"https:\/\/summerdesign.ee\/en\/pood\/soodus\/pitsativaha-pulgad-kuumapustolile-punane\/","title":{"rendered":"Pitsativaha pulgad kuumap\u00fcstolile &#8211; punane"},"content":{"rendered":"<p>Kasutatavad Aladine Flexible kuumavaha p\u00fcstoliga.<\/p>","protected":false},"excerpt":{"rendered":"<p>M\u00f5\u00f5dud: pikkus 180 mm ja \u00d8 11 mm<br \/>\nPakis: 4 tk (jagub umbes 100 pitseri tegemiseks)<\/p>","protected":false},"featured_media":15393,"template":"","meta":[],"product_brand":[],"product_cat":[311],"product_tag":[],"class_list":{"0":"post-15394","1":"product","2":"type-product","3":"status-publish","4":"has-post-thumbnail","6":"product_cat-soodus","8":"first","9":"outofstock","10":"taxable","11":"shipping-taxable","12":"purchasable","13":"product-type-simple","14":"prodpage-classic"},"_links":{"self":[{"href":"https:\/\/summerdesign.ee\/en\/wp-json\/wp\/v2\/product\/15394","targetHints":{"allow":["GET"]}}],"collection":[{"href":"https:\/\/summerdesign.ee\/en\/wp-json\/wp\/v2\/product"}],"about":[{"href":"https:\/\/summerdesign.ee\/en\/wp-json\/wp\/v2\/types\/product"}],"wp:featuredmedia":[{"embeddable":true,"href":"https:\/\/summerdesign.ee\/en\/wp-json\/wp\/v2\/media\/15393"}],"wp:attachment":[{"href":"https:\/\/summerdesign.ee\/en\/wp-json\/wp\/v2\/media?parent=15394"}],"wp:term":[{"taxonomy":"product_brand","embeddable":true,"href":"https:\/\/summerdesign.ee\/en\/wp-json\/wp\/v2\/product_brand?post=15394"},{"taxonomy":"product_cat","embeddable":true,"href":"https:\/\/summerdesign.ee\/en\/wp-json\/wp\/v2\/product_cat?post=15394"},{"taxonomy":"product_tag","embeddable":true,"href":"https:\/\/summerdesign.ee\/en\/wp-json\/wp\/v2\/product_tag?post=15394"}],"curies":[{"name":"wp","href":"https:\/\/api.w.org\/{rel}","templated":true}]}}