{"id":15346,"date":"2023-10-19T13:20:13","date_gmt":"2023-10-19T10:20:13","guid":{"rendered":"https:\/\/summerdesign.ee\/toode\/folkart-akruulvarv-matt-59-ml-earthy-ochre\/"},"modified":"2025-10-21T20:24:25","modified_gmt":"2025-10-21T17:24:25","slug":"folkart-akruulvarv-matt-59-ml-earthy-ochre","status":"publish","type":"product","link":"https:\/\/summerdesign.ee\/en\/pood\/iron-on\/folkart-akruulvarv-matt-59-ml-earthy-ochre\/","title":{"rendered":"Folkart akr\u00fc\u00fclv\u00e4rv matt 59 ml &#8211; Earthy Ochre"},"content":{"rendered":"","protected":false},"excerpt":{"rendered":"","protected":false},"featured_media":16096,"template":"","meta":[],"product_brand":[],"product_cat":[15],"product_tag":[],"class_list":{"0":"post-15346","1":"product","2":"type-product","3":"status-publish","4":"has-post-thumbnail","6":"product_cat-iron-on","8":"first","9":"outofstock","10":"taxable","11":"shipping-taxable","12":"purchasable","13":"product-type-simple","14":"prodpage-classic"},"_links":{"self":[{"href":"https:\/\/summerdesign.ee\/en\/wp-json\/wp\/v2\/product\/15346","targetHints":{"allow":["GET"]}}],"collection":[{"href":"https:\/\/summerdesign.ee\/en\/wp-json\/wp\/v2\/product"}],"about":[{"href":"https:\/\/summerdesign.ee\/en\/wp-json\/wp\/v2\/types\/product"}],"wp:featuredmedia":[{"embeddable":true,"href":"https:\/\/summerdesign.ee\/en\/wp-json\/wp\/v2\/media\/16096"}],"wp:attachment":[{"href":"https:\/\/summerdesign.ee\/en\/wp-json\/wp\/v2\/media?parent=15346"}],"wp:term":[{"taxonomy":"product_brand","embeddable":true,"href":"https:\/\/summerdesign.ee\/en\/wp-json\/wp\/v2\/product_brand?post=15346"},{"taxonomy":"product_cat","embeddable":true,"href":"https:\/\/summerdesign.ee\/en\/wp-json\/wp\/v2\/product_cat?post=15346"},{"taxonomy":"product_tag","embeddable":true,"href":"https:\/\/summerdesign.ee\/en\/wp-json\/wp\/v2\/product_tag?post=15346"}],"curies":[{"name":"wp","href":"https:\/\/api.w.org\/{rel}","templated":true}]}}