{"id":15310,"date":"2023-10-19T13:19:30","date_gmt":"2023-10-19T10:19:30","guid":{"rendered":"https:\/\/summerdesign.ee\/toode\/pitsativaha-pulgad-kuumapustolile-hobe\/"},"modified":"2026-03-22T13:53:08","modified_gmt":"2026-03-22T10:53:08","slug":"pitsativaha-pulgad-kuumapustolile-hobe","status":"publish","type":"product","link":"https:\/\/summerdesign.ee\/en\/pood\/soodus\/pitsativaha-pulgad-kuumapustolile-hobe\/","title":{"rendered":"Pitsativaha pulgad kuumap\u00fcstolile &#8211; h\u00f5be"},"content":{"rendered":"","protected":false},"excerpt":{"rendered":"<p>M\u00f5\u00f5dud: pikkus 180 mm ja \u00d8 11 mm<br \/>\nPakis: 4 tk<\/p>","protected":false},"featured_media":15969,"template":"","meta":[],"product_brand":[],"product_cat":[311],"product_tag":[],"class_list":{"0":"post-15310","1":"product","2":"type-product","3":"status-publish","4":"has-post-thumbnail","6":"product_cat-soodus","8":"first","9":"instock","10":"sale","11":"taxable","12":"shipping-taxable","13":"purchasable","14":"product-type-simple","15":"prodpage-classic"},"_links":{"self":[{"href":"https:\/\/summerdesign.ee\/en\/wp-json\/wp\/v2\/product\/15310","targetHints":{"allow":["GET"]}}],"collection":[{"href":"https:\/\/summerdesign.ee\/en\/wp-json\/wp\/v2\/product"}],"about":[{"href":"https:\/\/summerdesign.ee\/en\/wp-json\/wp\/v2\/types\/product"}],"wp:featuredmedia":[{"embeddable":true,"href":"https:\/\/summerdesign.ee\/en\/wp-json\/wp\/v2\/media\/15969"}],"wp:attachment":[{"href":"https:\/\/summerdesign.ee\/en\/wp-json\/wp\/v2\/media?parent=15310"}],"wp:term":[{"taxonomy":"product_brand","embeddable":true,"href":"https:\/\/summerdesign.ee\/en\/wp-json\/wp\/v2\/product_brand?post=15310"},{"taxonomy":"product_cat","embeddable":true,"href":"https:\/\/summerdesign.ee\/en\/wp-json\/wp\/v2\/product_cat?post=15310"},{"taxonomy":"product_tag","embeddable":true,"href":"https:\/\/summerdesign.ee\/en\/wp-json\/wp\/v2\/product_tag?post=15310"}],"curies":[{"name":"wp","href":"https:\/\/api.w.org\/{rel}","templated":true}]}}