{"id":15292,"date":"2023-10-19T13:19:09","date_gmt":"2023-10-19T10:19:09","guid":{"rendered":"https:\/\/summerdesign.ee\/toode\/cricut-suur-toovahendite-komplekt\/"},"modified":"2025-10-22T15:52:10","modified_gmt":"2025-10-22T12:52:10","slug":"cricut-suur-toovahendite-komplekt","status":"publish","type":"product","link":"https:\/\/summerdesign.ee\/en\/pood\/ettetellimine\/cricut-tooted-tellimisega\/cricut-suur-toovahendite-komplekt\/","title":{"rendered":"Cricut suur t\u00f6\u00f6vahendite komplekt"},"content":{"rendered":"<p>Komplekti kuulub: trimmer, soonimispliiats, weeder, k\u00e4\u00e4rid, pinsetid, v\u00e4ljal\u00f5ikete matilt k\u00e4ttesaamise t\u00f6\u00f6riist ja mati puhastamise t\u00f6\u00f6riist.<\/p>","protected":false},"excerpt":{"rendered":"<p>Toode on j\u00e4reltellimisega ja ooteaeg on 3-4 n\u00e4dalat!<\/p>","protected":false},"featured_media":15291,"template":"","meta":[],"product_brand":[],"product_cat":[621],"product_tag":[],"class_list":{"0":"post-15292","1":"product","2":"type-product","3":"status-publish","4":"has-post-thumbnail","6":"product_cat-cricut-tooted-tellimisega","8":"first","9":"onbackorder","10":"taxable","11":"shipping-taxable","12":"purchasable","13":"product-type-simple","14":"prodpage-classic"},"_links":{"self":[{"href":"https:\/\/summerdesign.ee\/en\/wp-json\/wp\/v2\/product\/15292","targetHints":{"allow":["GET"]}}],"collection":[{"href":"https:\/\/summerdesign.ee\/en\/wp-json\/wp\/v2\/product"}],"about":[{"href":"https:\/\/summerdesign.ee\/en\/wp-json\/wp\/v2\/types\/product"}],"wp:featuredmedia":[{"embeddable":true,"href":"https:\/\/summerdesign.ee\/en\/wp-json\/wp\/v2\/media\/15291"}],"wp:attachment":[{"href":"https:\/\/summerdesign.ee\/en\/wp-json\/wp\/v2\/media?parent=15292"}],"wp:term":[{"taxonomy":"product_brand","embeddable":true,"href":"https:\/\/summerdesign.ee\/en\/wp-json\/wp\/v2\/product_brand?post=15292"},{"taxonomy":"product_cat","embeddable":true,"href":"https:\/\/summerdesign.ee\/en\/wp-json\/wp\/v2\/product_cat?post=15292"},{"taxonomy":"product_tag","embeddable":true,"href":"https:\/\/summerdesign.ee\/en\/wp-json\/wp\/v2\/product_tag?post=15292"}],"curies":[{"name":"wp","href":"https:\/\/api.w.org\/{rel}","templated":true}]}}