{"id":15290,"date":"2023-10-19T13:19:07","date_gmt":"2023-10-19T10:19:07","guid":{"rendered":"https:\/\/summerdesign.ee\/toode\/folkart-akruulvarv-matt-59-ml-eggplant\/"},"modified":"2025-10-21T20:22:23","modified_gmt":"2025-10-21T17:22:23","slug":"folkart-akruulvarv-matt-59-ml-eggplant","status":"publish","type":"product","link":"https:\/\/summerdesign.ee\/en\/pood\/iron-on\/folkart-akruulvarv-matt-59-ml-eggplant\/","title":{"rendered":"Folkart akr\u00fc\u00fclv\u00e4rv matt 59 ml &#8211; Eggplant"},"content":{"rendered":"","protected":false},"excerpt":{"rendered":"","protected":false},"featured_media":16128,"template":"","meta":[],"product_brand":[],"product_cat":[15],"product_tag":[],"class_list":{"0":"post-15290","1":"product","2":"type-product","3":"status-publish","4":"has-post-thumbnail","6":"product_cat-iron-on","8":"first","9":"outofstock","10":"taxable","11":"shipping-taxable","12":"purchasable","13":"product-type-simple","14":"prodpage-classic"},"_links":{"self":[{"href":"https:\/\/summerdesign.ee\/en\/wp-json\/wp\/v2\/product\/15290","targetHints":{"allow":["GET"]}}],"collection":[{"href":"https:\/\/summerdesign.ee\/en\/wp-json\/wp\/v2\/product"}],"about":[{"href":"https:\/\/summerdesign.ee\/en\/wp-json\/wp\/v2\/types\/product"}],"wp:featuredmedia":[{"embeddable":true,"href":"https:\/\/summerdesign.ee\/en\/wp-json\/wp\/v2\/media\/16128"}],"wp:attachment":[{"href":"https:\/\/summerdesign.ee\/en\/wp-json\/wp\/v2\/media?parent=15290"}],"wp:term":[{"taxonomy":"product_brand","embeddable":true,"href":"https:\/\/summerdesign.ee\/en\/wp-json\/wp\/v2\/product_brand?post=15290"},{"taxonomy":"product_cat","embeddable":true,"href":"https:\/\/summerdesign.ee\/en\/wp-json\/wp\/v2\/product_cat?post=15290"},{"taxonomy":"product_tag","embeddable":true,"href":"https:\/\/summerdesign.ee\/en\/wp-json\/wp\/v2\/product_tag?post=15290"}],"curies":[{"name":"wp","href":"https:\/\/api.w.org\/{rel}","templated":true}]}}