{"id":15289,"date":"2023-10-19T13:19:07","date_gmt":"2023-10-19T10:19:07","guid":{"rendered":"https:\/\/summerdesign.ee\/toode\/glitterkartong-a4-200-g-rose\/"},"modified":"2026-02-03T03:00:13","modified_gmt":"2026-02-03T00:00:13","slug":"glitterkartong-a4-200-g-rose","status":"publish","type":"product","link":"https:\/\/summerdesign.ee\/en\/pood\/paber\/glitterkartong\/glitterkartong-a4-200-g-rose\/","title":{"rendered":"Glitterkartong A4 200 g 1 leht &#8211; rose"},"content":{"rendered":"<p>Heyda ilusa s\u00e4delusega glitterkartong, mis sobib kaartide, b\u00e4nnerite, topperite tegemiseks.<br \/>\nM\u00f5\u00f5dud: A4, 200 g<\/p>","protected":false},"excerpt":{"rendered":"<p>Tarneaeg: 1-3 t\u00f6\u00f6p\u00e4eva<\/p>","protected":false},"featured_media":15288,"template":"","meta":[],"product_brand":[],"product_cat":[281],"product_tag":[],"class_list":{"0":"post-15289","1":"product","2":"type-product","3":"status-publish","4":"has-post-thumbnail","6":"product_cat-glitterkartong","8":"first","9":"instock","10":"taxable","11":"shipping-taxable","12":"purchasable","13":"product-type-simple","14":"prodpage-classic"},"_links":{"self":[{"href":"https:\/\/summerdesign.ee\/en\/wp-json\/wp\/v2\/product\/15289","targetHints":{"allow":["GET"]}}],"collection":[{"href":"https:\/\/summerdesign.ee\/en\/wp-json\/wp\/v2\/product"}],"about":[{"href":"https:\/\/summerdesign.ee\/en\/wp-json\/wp\/v2\/types\/product"}],"wp:featuredmedia":[{"embeddable":true,"href":"https:\/\/summerdesign.ee\/en\/wp-json\/wp\/v2\/media\/15288"}],"wp:attachment":[{"href":"https:\/\/summerdesign.ee\/en\/wp-json\/wp\/v2\/media?parent=15289"}],"wp:term":[{"taxonomy":"product_brand","embeddable":true,"href":"https:\/\/summerdesign.ee\/en\/wp-json\/wp\/v2\/product_brand?post=15289"},{"taxonomy":"product_cat","embeddable":true,"href":"https:\/\/summerdesign.ee\/en\/wp-json\/wp\/v2\/product_cat?post=15289"},{"taxonomy":"product_tag","embeddable":true,"href":"https:\/\/summerdesign.ee\/en\/wp-json\/wp\/v2\/product_tag?post=15289"}],"curies":[{"name":"wp","href":"https:\/\/api.w.org\/{rel}","templated":true}]}}