{"id":15278,"date":"2023-10-19T13:18:50","date_gmt":"2023-10-19T10:18:50","guid":{"rendered":"https:\/\/summerdesign.ee\/toode\/magnetteip-liimiga-127-x-15-mm-5-m\/"},"modified":"2025-10-21T20:22:30","modified_gmt":"2025-10-21T17:22:30","slug":"magnetteip-liimiga-127-x-15-mm-5-m","status":"publish","type":"product","link":"https:\/\/summerdesign.ee\/en\/pood\/tarvikud\/toovahendid\/magnetteip-liimiga-127-x-15-mm-5-m\/","title":{"rendered":"Magnetteip liimiga 12,7 x 1,5 mm 5 m"},"content":{"rendered":"<p>Magnetteibi tagumisel pinnal on iseliimuv kleebis. Eemalda valge paber ja paigalda soovitud kohta.<br \/>\nSaab v\u00e4ga h\u00e4sti l\u00f5igata k\u00e4\u00e4ridega v\u00f5i paberinoaga.<\/p>","protected":false},"excerpt":{"rendered":"<p>M\u00f5\u00f5dud: 12,7 x 1,5 mm<br \/>\nRullis: 5 m<\/p>","protected":false},"featured_media":15277,"template":"","meta":[],"product_brand":[],"product_cat":[287],"product_tag":[],"class_list":{"0":"post-15278","1":"product","2":"type-product","3":"status-publish","4":"has-post-thumbnail","6":"product_cat-toovahendid","8":"first","9":"outofstock","10":"taxable","11":"shipping-taxable","12":"purchasable","13":"product-type-simple","14":"prodpage-classic"},"_links":{"self":[{"href":"https:\/\/summerdesign.ee\/en\/wp-json\/wp\/v2\/product\/15278","targetHints":{"allow":["GET"]}}],"collection":[{"href":"https:\/\/summerdesign.ee\/en\/wp-json\/wp\/v2\/product"}],"about":[{"href":"https:\/\/summerdesign.ee\/en\/wp-json\/wp\/v2\/types\/product"}],"wp:featuredmedia":[{"embeddable":true,"href":"https:\/\/summerdesign.ee\/en\/wp-json\/wp\/v2\/media\/15277"}],"wp:attachment":[{"href":"https:\/\/summerdesign.ee\/en\/wp-json\/wp\/v2\/media?parent=15278"}],"wp:term":[{"taxonomy":"product_brand","embeddable":true,"href":"https:\/\/summerdesign.ee\/en\/wp-json\/wp\/v2\/product_brand?post=15278"},{"taxonomy":"product_cat","embeddable":true,"href":"https:\/\/summerdesign.ee\/en\/wp-json\/wp\/v2\/product_cat?post=15278"},{"taxonomy":"product_tag","embeddable":true,"href":"https:\/\/summerdesign.ee\/en\/wp-json\/wp\/v2\/product_tag?post=15278"}],"curies":[{"name":"wp","href":"https:\/\/api.w.org\/{rel}","templated":true}]}}