{"id":15197,"date":"2023-10-19T13:17:29","date_gmt":"2023-10-19T10:17:29","guid":{"rendered":"https:\/\/summerdesign.ee\/toode\/cricut-graveerimisotsik-koos-peaga\/"},"modified":"2025-10-22T15:52:10","modified_gmt":"2025-10-22T12:52:10","slug":"cricut-graveerimisotsik-koos-peaga","status":"publish","type":"product","link":"https:\/\/summerdesign.ee\/en\/pood\/ettetellimine\/cricut-tooted-tellimisega\/cricut-graveerimisotsik-koos-peaga\/","title":{"rendered":"Cricut graveerimisotsik koos peaga"},"content":{"rendered":"<p>Graveerige erinevatele materjalidele ainulaadseid ja p\u00fcsivaid kujundusi selle otsikuga.&nbsp;&nbsp;<\/p>\n<p class=\"p1\" style=\"margin: 0px;line-height: normal\">Graveerige&nbsp;tekste&nbsp;v\u00f5i looge monogramme, joonistage dekoratiivseid lilli ja kaunistusi jne.&nbsp;T\u00f6\u00f6tab lamedate, pehmete metallide, naha, akr\u00fc\u00fcli, plasti, sublimeeritud alumiiniumiga ja teiste materjalidega.<\/p>","protected":false},"excerpt":{"rendered":"<p>Toode on ettetellimisega ja ooteaeg 3-4 n\u00e4dalat!<\/p>\n<p>Sobib ainult Cricut Maker ja Maker 3 masinatega!<\/p>","protected":false},"featured_media":15195,"template":"","meta":[],"product_brand":[],"product_cat":[621],"product_tag":[],"class_list":{"0":"post-15197","1":"product","2":"type-product","3":"status-publish","4":"has-post-thumbnail","6":"product_cat-cricut-tooted-tellimisega","8":"first","9":"onbackorder","10":"taxable","11":"shipping-taxable","12":"purchasable","13":"product-type-simple","14":"prodpage-classic"},"_links":{"self":[{"href":"https:\/\/summerdesign.ee\/en\/wp-json\/wp\/v2\/product\/15197","targetHints":{"allow":["GET"]}}],"collection":[{"href":"https:\/\/summerdesign.ee\/en\/wp-json\/wp\/v2\/product"}],"about":[{"href":"https:\/\/summerdesign.ee\/en\/wp-json\/wp\/v2\/types\/product"}],"wp:featuredmedia":[{"embeddable":true,"href":"https:\/\/summerdesign.ee\/en\/wp-json\/wp\/v2\/media\/15195"}],"wp:attachment":[{"href":"https:\/\/summerdesign.ee\/en\/wp-json\/wp\/v2\/media?parent=15197"}],"wp:term":[{"taxonomy":"product_brand","embeddable":true,"href":"https:\/\/summerdesign.ee\/en\/wp-json\/wp\/v2\/product_brand?post=15197"},{"taxonomy":"product_cat","embeddable":true,"href":"https:\/\/summerdesign.ee\/en\/wp-json\/wp\/v2\/product_cat?post=15197"},{"taxonomy":"product_tag","embeddable":true,"href":"https:\/\/summerdesign.ee\/en\/wp-json\/wp\/v2\/product_tag?post=15197"}],"curies":[{"name":"wp","href":"https:\/\/api.w.org\/{rel}","templated":true}]}}