{"id":14877,"date":"2023-09-27T21:56:49","date_gmt":"2023-09-27T18:56:49","guid":{"rendered":"https:\/\/summerdesign.ee\/toode\/triigitav-kleebis-3d-puff-helesinine\/"},"modified":"2025-10-21T20:20:13","modified_gmt":"2025-10-21T17:20:13","slug":"triigitav-kleebis-3d-puff-helesinine","status":"publish","type":"product","link":"https:\/\/summerdesign.ee\/en\/pood\/triigitav-kleebis\/3d-puff\/triigitav-kleebis-3d-puff-helesinine\/","title":{"rendered":"Triigitav kleebis 3D PUFF &#8211; helesinine"},"content":{"rendered":"<p>3D PUFF triigitav kleebis on materjal, mis paisub kui puutub kokku kuumpressi kuumusega. P\u00e4rast kuumutamist annab see teie disainile ainulaadse 3D-ilme.<br \/>\nCricut digitaalse masinaga materjali l\u00f5igates valida Everyday Iron-on. Materjali l\u00e4ikiv pool panna vastu matti ning lisada mirror vaade.<br \/>\nPressida tugeval pinnal (nt l\u00f5ikelaud, mis kannatab kuuma) v\u00e4ga tugevalt. Temperatuur 150 kraadi ja 15 sekundit. Kile eemaldada koheselt!<br \/>\nTehase poolsed andmed 140-150 kraadi ja 15-20 sekundit.<br \/>\nSobivad materjalid: puuvill, puuvill ja pol\u00fcestersegu!<br \/>\nEi sobi: nailonile.<br \/>\nHooldus:&nbsp;\u00c4rge peske r\u00f5ivast v\u00e4hemalt 48 tundi p\u00e4rast 3D PUFF pealekandmist. Eelistada k\u00e4sipesu.&nbsp;Kasutage pehmet pesuainet ja k\u00fclmas v\u00f5i leiges vees.&nbsp;Mitte kasutada tsentrifuugi ega kuivatit! Disaini s\u00e4ilitamiseks ja kuumakahjustuste v\u00e4ltimiseks on k\u00f5ige parem seda \u00f5hu k\u00e4es kuivatada.Triikige kangas pahupidi. Kasutage kujunduse katmiseks presslappi v\u00f5i p\u00e4rgamentpaberit. Seadke triikraud madalale kuumusele (ilma auruta) ja vajutage l\u00fchiajaliselt \u00f5rnalt. V\u00e4ltige otsest kontakti triikraua ja vin\u00fc\u00fcli vahel.<br \/>\nV\u00e4ltige valgendi v\u00f5i tugevatoimeliste kemikaalide kasutamist, kuna need v\u00f5ivad vin\u00fc\u00fcli kahjustada.<\/p>","protected":false},"excerpt":{"rendered":"<p>M\u00f5\u00f5dud: 25 x 30,5 cm<\/p>","protected":false},"featured_media":14924,"template":"","meta":[],"product_brand":[],"product_cat":[535],"product_tag":[],"class_list":{"0":"post-14877","1":"product","2":"type-product","3":"status-publish","4":"has-post-thumbnail","6":"product_cat-3d-puff","8":"first","9":"instock","10":"taxable","11":"shipping-taxable","12":"purchasable","13":"product-type-simple","14":"prodpage-classic"},"_links":{"self":[{"href":"https:\/\/summerdesign.ee\/en\/wp-json\/wp\/v2\/product\/14877","targetHints":{"allow":["GET"]}}],"collection":[{"href":"https:\/\/summerdesign.ee\/en\/wp-json\/wp\/v2\/product"}],"about":[{"href":"https:\/\/summerdesign.ee\/en\/wp-json\/wp\/v2\/types\/product"}],"wp:featuredmedia":[{"embeddable":true,"href":"https:\/\/summerdesign.ee\/en\/wp-json\/wp\/v2\/media\/14924"}],"wp:attachment":[{"href":"https:\/\/summerdesign.ee\/en\/wp-json\/wp\/v2\/media?parent=14877"}],"wp:term":[{"taxonomy":"product_brand","embeddable":true,"href":"https:\/\/summerdesign.ee\/en\/wp-json\/wp\/v2\/product_brand?post=14877"},{"taxonomy":"product_cat","embeddable":true,"href":"https:\/\/summerdesign.ee\/en\/wp-json\/wp\/v2\/product_cat?post=14877"},{"taxonomy":"product_tag","embeddable":true,"href":"https:\/\/summerdesign.ee\/en\/wp-json\/wp\/v2\/product_tag?post=14877"}],"curies":[{"name":"wp","href":"https:\/\/api.w.org\/{rel}","templated":true}]}}