{"id":14506,"date":"2023-09-14T13:56:06","date_gmt":"2023-09-14T10:56:06","guid":{"rendered":"https:\/\/summerdesign.ee\/toode\/tumbler-350ml\/"},"modified":"2025-10-21T20:21:35","modified_gmt":"2025-10-21T17:21:35","slug":"tumbler-350ml","status":"publish","type":"product","link":"https:\/\/summerdesign.ee\/en\/pood\/iron-on\/tumbler-350ml\/","title":{"rendered":"Tumbler 350 ml &#8211; rosegold"},"content":{"rendered":"<p>Termokruus 350 ml plastikkaanega, roostevabast terasest kahekordse seinaga, vaskviimistlusega.<br \/>\nM\u00f5\u00f5t: \u00d8 8,9 x 12 cm<br \/>\nMaht: 350 ml<\/p>\n<p>&nbsp;<\/p>","protected":false},"excerpt":{"rendered":"<p>Termokruus 350 ml plastikkaanega, roostevabast terasest kahekordse seinaga, vaskviimistlusega. M\u00f5\u00f5t: \u00d8 8,9 x 12 cm Maht: 350 ml &nbsp;<\/p>","protected":false},"featured_media":14504,"template":"","meta":[],"product_brand":[],"product_cat":[15],"product_tag":[],"class_list":{"0":"post-14506","1":"product","2":"type-product","3":"status-publish","4":"has-post-thumbnail","6":"product_cat-iron-on","8":"first","9":"outofstock","10":"taxable","11":"shipping-taxable","12":"purchasable","13":"product-type-simple","14":"prodpage-classic"},"_links":{"self":[{"href":"https:\/\/summerdesign.ee\/en\/wp-json\/wp\/v2\/product\/14506","targetHints":{"allow":["GET"]}}],"collection":[{"href":"https:\/\/summerdesign.ee\/en\/wp-json\/wp\/v2\/product"}],"about":[{"href":"https:\/\/summerdesign.ee\/en\/wp-json\/wp\/v2\/types\/product"}],"wp:featuredmedia":[{"embeddable":true,"href":"https:\/\/summerdesign.ee\/en\/wp-json\/wp\/v2\/media\/14504"}],"wp:attachment":[{"href":"https:\/\/summerdesign.ee\/en\/wp-json\/wp\/v2\/media?parent=14506"}],"wp:term":[{"taxonomy":"product_brand","embeddable":true,"href":"https:\/\/summerdesign.ee\/en\/wp-json\/wp\/v2\/product_brand?post=14506"},{"taxonomy":"product_cat","embeddable":true,"href":"https:\/\/summerdesign.ee\/en\/wp-json\/wp\/v2\/product_cat?post=14506"},{"taxonomy":"product_tag","embeddable":true,"href":"https:\/\/summerdesign.ee\/en\/wp-json\/wp\/v2\/product_tag?post=14506"}],"curies":[{"name":"wp","href":"https:\/\/api.w.org\/{rel}","templated":true}]}}