{"id":14399,"date":"2023-09-11T20:34:21","date_gmt":"2023-09-11T17:34:21","guid":{"rendered":"https:\/\/summerdesign.ee\/toode\/kartong-a4-sinine-2\/"},"modified":"2026-04-14T03:00:09","modified_gmt":"2026-04-14T00:00:09","slug":"kartong-a4-sinine-2","status":"publish","type":"product","link":"https:\/\/summerdesign.ee\/en\/pood\/paber\/sileda-pinnaga-kartong-a4\/kartong-a4-sinine-2\/","title":{"rendered":"Kartong A4 300 g 10 lehte &#8211; sinine"},"content":{"rendered":"<p><span>Kartong on matt, katmata, m\u00f5lemalt poolt \u00fchesuguse pinnaga.&nbsp;<\/span><br \/>\n<span>Sobib suurep\u00e4raselt kaartide, topperite, b\u00e4nnerite, pakendite&nbsp; jne valmistamiseks.<\/span><br \/>\nM\u00f5\u00f5t: A4, 300 g\/m\u00b2<\/p>","protected":false},"excerpt":{"rendered":"<p>Tarneaeg: 1-3 t\u00f6\u00f6p\u00e4eva<\/p>","protected":false},"featured_media":14404,"template":"","meta":[],"product_brand":[],"product_cat":[495],"product_tag":[],"class_list":{"0":"post-14399","1":"product","2":"type-product","3":"status-publish","4":"has-post-thumbnail","6":"product_cat-sileda-pinnaga-kartong-a4","8":"first","9":"instock","10":"taxable","11":"shipping-taxable","12":"purchasable","13":"product-type-simple","14":"prodpage-classic"},"_links":{"self":[{"href":"https:\/\/summerdesign.ee\/en\/wp-json\/wp\/v2\/product\/14399","targetHints":{"allow":["GET"]}}],"collection":[{"href":"https:\/\/summerdesign.ee\/en\/wp-json\/wp\/v2\/product"}],"about":[{"href":"https:\/\/summerdesign.ee\/en\/wp-json\/wp\/v2\/types\/product"}],"wp:featuredmedia":[{"embeddable":true,"href":"https:\/\/summerdesign.ee\/en\/wp-json\/wp\/v2\/media\/14404"}],"wp:attachment":[{"href":"https:\/\/summerdesign.ee\/en\/wp-json\/wp\/v2\/media?parent=14399"}],"wp:term":[{"taxonomy":"product_brand","embeddable":true,"href":"https:\/\/summerdesign.ee\/en\/wp-json\/wp\/v2\/product_brand?post=14399"},{"taxonomy":"product_cat","embeddable":true,"href":"https:\/\/summerdesign.ee\/en\/wp-json\/wp\/v2\/product_cat?post=14399"},{"taxonomy":"product_tag","embeddable":true,"href":"https:\/\/summerdesign.ee\/en\/wp-json\/wp\/v2\/product_tag?post=14399"}],"curies":[{"name":"wp","href":"https:\/\/api.w.org\/{rel}","templated":true}]}}