{"id":14112,"date":"2023-09-10T18:04:40","date_gmt":"2023-09-10T15:04:40","guid":{"rendered":"https:\/\/summerdesign.ee\/toode\/kartong-a4-220-g-lilla\/"},"modified":"2026-03-06T03:00:15","modified_gmt":"2026-03-06T00:00:15","slug":"kartong-a4-220-g-lilla","status":"publish","type":"product","link":"https:\/\/summerdesign.ee\/en\/pood\/paber\/tekstuurse-pinnaga-kartong-a4\/kartong-a4-220-g-lilla\/","title":{"rendered":"Kartong A4 220 g 10 lehte &#8211; lilla"},"content":{"rendered":"<p style=\"margin: 0px 0px 20px;, Helvetica, sans-serif\">Kartong \u00fcks lehepool on \u00f5rnalt tekstuurne, teine pool on sile.<br \/>\nSobib b\u00e4nnerite, topperite jne valmistamiseks.<\/p>\n<p style=\"margin: 0px 0px 20px;, Helvetica, sans-serif\">M\u00f5\u00f5t: A4, 220 g<br \/>\nPakis: 10 lehte<\/p>","protected":false},"excerpt":{"rendered":"<p>Kartong \u00fcks lehepool on \u00f5rnalt tekstuurne, teine pool on sile. Sobib b\u00e4nnerite, topperite jne valmistamiseks. M\u00f5\u00f5t: A4, 220 g Pakis: 10 lehte<\/p>","protected":false},"featured_media":14111,"template":"","meta":[],"product_brand":[],"product_cat":[496],"product_tag":[],"class_list":{"0":"post-14112","1":"product","2":"type-product","3":"status-publish","4":"has-post-thumbnail","6":"product_cat-tekstuurse-pinnaga-kartong-a4","8":"first","9":"instock","10":"taxable","11":"shipping-taxable","12":"purchasable","13":"product-type-simple","14":"prodpage-classic"},"_links":{"self":[{"href":"https:\/\/summerdesign.ee\/en\/wp-json\/wp\/v2\/product\/14112","targetHints":{"allow":["GET"]}}],"collection":[{"href":"https:\/\/summerdesign.ee\/en\/wp-json\/wp\/v2\/product"}],"about":[{"href":"https:\/\/summerdesign.ee\/en\/wp-json\/wp\/v2\/types\/product"}],"wp:featuredmedia":[{"embeddable":true,"href":"https:\/\/summerdesign.ee\/en\/wp-json\/wp\/v2\/media\/14111"}],"wp:attachment":[{"href":"https:\/\/summerdesign.ee\/en\/wp-json\/wp\/v2\/media?parent=14112"}],"wp:term":[{"taxonomy":"product_brand","embeddable":true,"href":"https:\/\/summerdesign.ee\/en\/wp-json\/wp\/v2\/product_brand?post=14112"},{"taxonomy":"product_cat","embeddable":true,"href":"https:\/\/summerdesign.ee\/en\/wp-json\/wp\/v2\/product_cat?post=14112"},{"taxonomy":"product_tag","embeddable":true,"href":"https:\/\/summerdesign.ee\/en\/wp-json\/wp\/v2\/product_tag?post=14112"}],"curies":[{"name":"wp","href":"https:\/\/api.w.org\/{rel}","templated":true}]}}