{"id":14074,"date":"2023-09-10T17:50:10","date_gmt":"2023-09-10T14:50:10","guid":{"rendered":"https:\/\/summerdesign.ee\/toode\/kartong-216-g-river\/"},"modified":"2025-10-21T20:20:58","modified_gmt":"2025-10-21T17:20:58","slug":"kartong-216-g-river","status":"publish","type":"product","link":"https:\/\/summerdesign.ee\/en\/pood\/soodus\/kartong-216-g-river\/","title":{"rendered":"Kartong 216 g 1 leht &#8211; river"},"content":{"rendered":"<p><span style=\", Helvetica, sans-serif\">See sileda pinnaga kartong sobib ideaalselt b\u00e4nnerite, mahuliste topperite, v\u00e4ljal\u00f5igete jne tegemiseks.<\/span><br style=\", Helvetica, sans-serif\" \/><br \/>\n&nbsp;<\/p>","protected":false},"excerpt":{"rendered":"<p>\u200bM\u00f5\u00f5t: 30,5 x 30,5 cm ja 216 g.<\/p>","protected":false},"featured_media":14073,"template":"","meta":[],"product_brand":[],"product_cat":[311],"product_tag":[],"class_list":{"0":"post-14074","1":"product","2":"type-product","3":"status-publish","4":"has-post-thumbnail","6":"product_cat-soodus","8":"first","9":"instock","10":"sale","11":"taxable","12":"shipping-taxable","13":"purchasable","14":"product-type-simple","15":"prodpage-classic"},"_links":{"self":[{"href":"https:\/\/summerdesign.ee\/en\/wp-json\/wp\/v2\/product\/14074","targetHints":{"allow":["GET"]}}],"collection":[{"href":"https:\/\/summerdesign.ee\/en\/wp-json\/wp\/v2\/product"}],"about":[{"href":"https:\/\/summerdesign.ee\/en\/wp-json\/wp\/v2\/types\/product"}],"wp:featuredmedia":[{"embeddable":true,"href":"https:\/\/summerdesign.ee\/en\/wp-json\/wp\/v2\/media\/14073"}],"wp:attachment":[{"href":"https:\/\/summerdesign.ee\/en\/wp-json\/wp\/v2\/media?parent=14074"}],"wp:term":[{"taxonomy":"product_brand","embeddable":true,"href":"https:\/\/summerdesign.ee\/en\/wp-json\/wp\/v2\/product_brand?post=14074"},{"taxonomy":"product_cat","embeddable":true,"href":"https:\/\/summerdesign.ee\/en\/wp-json\/wp\/v2\/product_cat?post=14074"},{"taxonomy":"product_tag","embeddable":true,"href":"https:\/\/summerdesign.ee\/en\/wp-json\/wp\/v2\/product_tag?post=14074"}],"curies":[{"name":"wp","href":"https:\/\/api.w.org\/{rel}","templated":true}]}}