{"id":14072,"date":"2023-09-10T17:50:07","date_gmt":"2023-09-10T14:50:07","guid":{"rendered":"https:\/\/summerdesign.ee\/toode\/kartong-216-g-hall\/"},"modified":"2025-10-21T20:25:12","modified_gmt":"2025-10-21T17:25:12","slug":"kartong-216-g-hall","status":"publish","type":"product","link":"https:\/\/summerdesign.ee\/en\/pood\/soodus\/kartong-216-g-hall\/","title":{"rendered":"Kartong 216 g 1 leht &#8211; hall"},"content":{"rendered":"<p><span style=\", Helvetica, sans-serif\">See sileda pinnaga kartong on 216g ja sobib ideaalselt b\u00e4nnerite, mahuliste topperite jne tegemiseks.<\/span><br style=\", Helvetica, sans-serif\" \/><br \/>\n<span style=\", Helvetica, sans-serif\">Kaardi p\u00f5hjaks j\u00e4\u00e4b pisut liiga \u00f5hukeseks.<\/span><\/p>","protected":false},"excerpt":{"rendered":"<p>\u200bM\u00f5\u00f5t: 30,5 x 30,5 cm ja 216 g.<\/p>","protected":false},"featured_media":14071,"template":"","meta":[],"product_brand":[],"product_cat":[311],"product_tag":[],"class_list":{"0":"post-14072","1":"product","2":"type-product","3":"status-publish","4":"has-post-thumbnail","6":"product_cat-soodus","8":"first","9":"instock","10":"sale","11":"taxable","12":"shipping-taxable","13":"purchasable","14":"product-type-simple","15":"prodpage-classic"},"_links":{"self":[{"href":"https:\/\/summerdesign.ee\/en\/wp-json\/wp\/v2\/product\/14072","targetHints":{"allow":["GET"]}}],"collection":[{"href":"https:\/\/summerdesign.ee\/en\/wp-json\/wp\/v2\/product"}],"about":[{"href":"https:\/\/summerdesign.ee\/en\/wp-json\/wp\/v2\/types\/product"}],"wp:featuredmedia":[{"embeddable":true,"href":"https:\/\/summerdesign.ee\/en\/wp-json\/wp\/v2\/media\/14071"}],"wp:attachment":[{"href":"https:\/\/summerdesign.ee\/en\/wp-json\/wp\/v2\/media?parent=14072"}],"wp:term":[{"taxonomy":"product_brand","embeddable":true,"href":"https:\/\/summerdesign.ee\/en\/wp-json\/wp\/v2\/product_brand?post=14072"},{"taxonomy":"product_cat","embeddable":true,"href":"https:\/\/summerdesign.ee\/en\/wp-json\/wp\/v2\/product_cat?post=14072"},{"taxonomy":"product_tag","embeddable":true,"href":"https:\/\/summerdesign.ee\/en\/wp-json\/wp\/v2\/product_tag?post=14072"}],"curies":[{"name":"wp","href":"https:\/\/api.w.org\/{rel}","templated":true}]}}