{"id":13758,"date":"2023-08-25T18:00:02","date_gmt":"2023-08-25T15:00:02","guid":{"rendered":"https:\/\/summerdesign.ee\/toode\/joulukuulide-komplekt-kuldse-aasaga\/"},"modified":"2026-02-24T20:15:25","modified_gmt":"2026-02-24T17:15:25","slug":"joulukuulide-komplekt-kuldse-aasaga","status":"publish","type":"product","link":"https:\/\/summerdesign.ee\/en\/pood\/soodus\/joulukuulide-komplekt-kuldse-aasaga\/","title":{"rendered":"J\u00f5ulukuulide komplekt kuldse aasaga"},"content":{"rendered":"<p>L\u00e4bipaistvast plastikust kuulid, mis on ohutud, eriti kui kodus on v\u00e4iksed lapsed ja\/v\u00f5i lemmikloomad, kes v\u00f5ivad neid kuuselt maha t\u00f5mmata.<br \/>\nLai avaus v\u00f5imaldab kuuli sisse panna komme, litreid, sulgi jms.<\/p>\n<p>M\u00f5\u00f5t: \u00d8 8 cm, k\u00f5rgus 10 cm koos riputusaasaga. Ava m\u00f5\u00f5t 2 cm.<br \/>\nKomplekt: 6 tk<\/p>\n<p>&nbsp;<\/p>","protected":false},"excerpt":{"rendered":"<p>Tarneaeg: 1-3 t\u00f6\u00f6p\u00e4eva<\/p>","protected":false},"featured_media":13793,"template":"","meta":[],"product_brand":[],"product_cat":[311],"product_tag":[],"class_list":{"0":"post-13758","1":"product","2":"type-product","3":"status-publish","4":"has-post-thumbnail","6":"product_cat-soodus","8":"first","9":"instock","10":"sale","11":"taxable","12":"shipping-taxable","13":"purchasable","14":"product-type-simple","15":"prodpage-classic"},"_links":{"self":[{"href":"https:\/\/summerdesign.ee\/en\/wp-json\/wp\/v2\/product\/13758","targetHints":{"allow":["GET"]}}],"collection":[{"href":"https:\/\/summerdesign.ee\/en\/wp-json\/wp\/v2\/product"}],"about":[{"href":"https:\/\/summerdesign.ee\/en\/wp-json\/wp\/v2\/types\/product"}],"wp:featuredmedia":[{"embeddable":true,"href":"https:\/\/summerdesign.ee\/en\/wp-json\/wp\/v2\/media\/13793"}],"wp:attachment":[{"href":"https:\/\/summerdesign.ee\/en\/wp-json\/wp\/v2\/media?parent=13758"}],"wp:term":[{"taxonomy":"product_brand","embeddable":true,"href":"https:\/\/summerdesign.ee\/en\/wp-json\/wp\/v2\/product_brand?post=13758"},{"taxonomy":"product_cat","embeddable":true,"href":"https:\/\/summerdesign.ee\/en\/wp-json\/wp\/v2\/product_cat?post=13758"},{"taxonomy":"product_tag","embeddable":true,"href":"https:\/\/summerdesign.ee\/en\/wp-json\/wp\/v2\/product_tag?post=13758"}],"curies":[{"name":"wp","href":"https:\/\/api.w.org\/{rel}","templated":true}]}}