{"id":13669,"date":"2023-08-18T00:15:44","date_gmt":"2023-08-17T21:15:44","guid":{"rendered":"https:\/\/summerdesign.ee\/toode\/sols-urban-nooridega-kott-royal-sinine\/"},"modified":"2026-01-23T13:19:02","modified_gmt":"2026-01-23T10:19:02","slug":"sols-urban-nooridega-kott-royal-sinine","status":"publish","type":"product","link":"https:\/\/summerdesign.ee\/en\/pood\/aksessuaarid\/kotid\/sols-urban-nooridega-kott-royal-sinine\/","title":{"rendered":"SOL&#8217;S Urban n\u00f6\u00f6ridega kott &#8211; royal sinine"},"content":{"rendered":"<p>N\u00f6\u00f6ridega kott on sobilik nt vahetusjalan\u00f5ude hoiustamiseks lasteaeda v\u00f5i kooli ja personaliseeri meie triigitavate materjalidega.<\/p>","protected":false},"excerpt":{"rendered":"<p>M\u00f5\u00f5dud: 34,5 x 45 cm<br \/>\nMaterjal: 100% pol\u00fcester<\/p>","protected":false},"featured_media":13702,"template":"","meta":[],"product_brand":[],"product_cat":[650],"product_tag":[],"class_list":{"0":"post-13669","1":"product","2":"type-product","3":"status-publish","4":"has-post-thumbnail","6":"product_cat-kotid","8":"first","9":"instock","10":"taxable","11":"shipping-taxable","12":"purchasable","13":"product-type-simple","14":"prodpage-classic"},"_links":{"self":[{"href":"https:\/\/summerdesign.ee\/en\/wp-json\/wp\/v2\/product\/13669","targetHints":{"allow":["GET"]}}],"collection":[{"href":"https:\/\/summerdesign.ee\/en\/wp-json\/wp\/v2\/product"}],"about":[{"href":"https:\/\/summerdesign.ee\/en\/wp-json\/wp\/v2\/types\/product"}],"wp:featuredmedia":[{"embeddable":true,"href":"https:\/\/summerdesign.ee\/en\/wp-json\/wp\/v2\/media\/13702"}],"wp:attachment":[{"href":"https:\/\/summerdesign.ee\/en\/wp-json\/wp\/v2\/media?parent=13669"}],"wp:term":[{"taxonomy":"product_brand","embeddable":true,"href":"https:\/\/summerdesign.ee\/en\/wp-json\/wp\/v2\/product_brand?post=13669"},{"taxonomy":"product_cat","embeddable":true,"href":"https:\/\/summerdesign.ee\/en\/wp-json\/wp\/v2\/product_cat?post=13669"},{"taxonomy":"product_tag","embeddable":true,"href":"https:\/\/summerdesign.ee\/en\/wp-json\/wp\/v2\/product_tag?post=13669"}],"curies":[{"name":"wp","href":"https:\/\/api.w.org\/{rel}","templated":true}]}}