{"id":13056,"date":"2023-07-17T21:52:29","date_gmt":"2023-07-17T18:52:29","guid":{"rendered":"https:\/\/summerdesign.ee\/toode\/ajutine-tatoveeringupaber-1-tk\/"},"modified":"2026-04-13T03:00:14","modified_gmt":"2026-04-13T00:00:14","slug":"ajutine-tatoveeringupaber-1-tk","status":"publish","type":"product","link":"https:\/\/summerdesign.ee\/en\/pood\/paber\/tatoveeringupaber\/ajutine-tatoveeringupaber-1-tk\/","title":{"rendered":"Ajutine t\u00e4toveeringupaber A4 1 tk"},"content":{"rendered":"<p>Pakis on 5 lehte printimisepabereid ja 5 lehte l\u00e4bipaistvat kilet. Printimise paber on paksem.<br \/>\nPrintimisel valige paberit\u00fc\u00fcbiks l\u00e4ikiv fotopaber, high quality ja vali peegelpilt, et hiljem ei oleks tekstid tagurpidi.<br \/>\nPeale printimist lasta kuivada m\u00f5ni minut. Tindiprinteriga printides, eriti tumedate piltide puhul ole kindel, et tint on kuivanud enne kui hakkad kile peale panema. Vajadusel kuivata juuksef\u00f6\u00f6niga! Seej\u00e4rel katke l\u00e4bipaistva kilega ning \u00fcsna tugevalt siluge pealt. See on vajalik selleks, et kilel olev l\u00e4bipaistev &#8220;liimikiht&#8221; kinnituks pildile, mille abil hiljem kinnitub pilt nahale. Kui tekib \u00f5humulle vahele, siis joonlaua abil siluge v\u00e4lja. NB! Kui on palju musta v\u00e4rvi kohti (nt inimesel musta v\u00e4rvi pluus, juuksed, siis neid eriti tugevalt suruda\/siluda kilet pealt, et liim ilusti haakuks ka sinna).<br \/>\nL\u00f5ika motiiv v\u00e4lja ja j\u00e4ta 1 mm \u00fcmber motiivi serva. Eemalda kile enne paigaldamist.&nbsp;Prinditud kujutise pool aseta naha vastu. Niisuta paberit umbes 10 sekundit ja eemaldage valge paber ettevaatlikult ning tutsutage kuiva salvr\u00e4tikuga kuivaks.<\/p>\n<p>&nbsp;<\/p>","protected":false},"excerpt":{"rendered":"<p>M\u00f5\u00f5t: A4<br \/>\nSobib nii tindi kui laserprinteritele!<\/p>","protected":false},"featured_media":13574,"template":"","meta":[],"product_brand":[],"product_cat":[486],"product_tag":[],"class_list":{"0":"post-13056","1":"product","2":"type-product","3":"status-publish","4":"has-post-thumbnail","6":"product_cat-tatoveeringupaber","8":"first","9":"instock","10":"taxable","11":"shipping-taxable","12":"purchasable","13":"product-type-simple","14":"prodpage-classic"},"_links":{"self":[{"href":"https:\/\/summerdesign.ee\/en\/wp-json\/wp\/v2\/product\/13056","targetHints":{"allow":["GET"]}}],"collection":[{"href":"https:\/\/summerdesign.ee\/en\/wp-json\/wp\/v2\/product"}],"about":[{"href":"https:\/\/summerdesign.ee\/en\/wp-json\/wp\/v2\/types\/product"}],"wp:featuredmedia":[{"embeddable":true,"href":"https:\/\/summerdesign.ee\/en\/wp-json\/wp\/v2\/media\/13574"}],"wp:attachment":[{"href":"https:\/\/summerdesign.ee\/en\/wp-json\/wp\/v2\/media?parent=13056"}],"wp:term":[{"taxonomy":"product_brand","embeddable":true,"href":"https:\/\/summerdesign.ee\/en\/wp-json\/wp\/v2\/product_brand?post=13056"},{"taxonomy":"product_cat","embeddable":true,"href":"https:\/\/summerdesign.ee\/en\/wp-json\/wp\/v2\/product_cat?post=13056"},{"taxonomy":"product_tag","embeddable":true,"href":"https:\/\/summerdesign.ee\/en\/wp-json\/wp\/v2\/product_tag?post=13056"}],"curies":[{"name":"wp","href":"https:\/\/api.w.org\/{rel}","templated":true}]}}