{"id":13055,"date":"2023-07-17T21:37:28","date_gmt":"2023-07-17T18:37:28","guid":{"rendered":"https:\/\/summerdesign.ee\/toode\/kulm-lamineerimiskiled-hologramm-kristall\/"},"modified":"2025-10-21T20:21:26","modified_gmt":"2025-10-21T17:21:26","slug":"holograafiline-iseliimuv-kattekile-kristall","status":"publish","type":"product","link":"https:\/\/summerdesign.ee\/en\/pood\/vinuulkleebis\/prinditav-vinuulkleebis-ja-ulekandeteip\/holograafiline-iseliimuv-kattekile-kristall\/","title":{"rendered":"Holograafiline iseliimuv kattekile 5 tk &#8211; kristall"},"content":{"rendered":"<p>Lisa oma kleebistele ja muudele projektidele s\u00e4ra, sest s\u00e4ra ja s\u00e4delust ei ole kunagi liiga palju!<br \/>\n\u200bSobib kasutamiseks lamineerimismasinas, millel on k\u00fclm lamineerimise v\u00f5imalus.&nbsp;<br \/>\n\u200bUV-kindel<br \/>\nVeekindel<br \/>\nRebenemiskindel<br \/>\nKriimukindel<\/p>","protected":false},"excerpt":{"rendered":"<p>M\u00f5\u00f5t: A4<br \/>\nPakis: 5 lehte<\/p>","protected":false},"featured_media":17450,"template":"","meta":[],"product_brand":[],"product_cat":[539],"product_tag":[],"class_list":{"0":"post-13055","1":"product","2":"type-product","3":"status-publish","4":"has-post-thumbnail","6":"product_cat-prinditav-vinuulkleebis-ja-ulekandeteip","8":"first","9":"instock","10":"taxable","11":"shipping-taxable","12":"purchasable","13":"product-type-simple","14":"prodpage-classic"},"_links":{"self":[{"href":"https:\/\/summerdesign.ee\/en\/wp-json\/wp\/v2\/product\/13055","targetHints":{"allow":["GET"]}}],"collection":[{"href":"https:\/\/summerdesign.ee\/en\/wp-json\/wp\/v2\/product"}],"about":[{"href":"https:\/\/summerdesign.ee\/en\/wp-json\/wp\/v2\/types\/product"}],"wp:featuredmedia":[{"embeddable":true,"href":"https:\/\/summerdesign.ee\/en\/wp-json\/wp\/v2\/media\/17450"}],"wp:attachment":[{"href":"https:\/\/summerdesign.ee\/en\/wp-json\/wp\/v2\/media?parent=13055"}],"wp:term":[{"taxonomy":"product_brand","embeddable":true,"href":"https:\/\/summerdesign.ee\/en\/wp-json\/wp\/v2\/product_brand?post=13055"},{"taxonomy":"product_cat","embeddable":true,"href":"https:\/\/summerdesign.ee\/en\/wp-json\/wp\/v2\/product_cat?post=13055"},{"taxonomy":"product_tag","embeddable":true,"href":"https:\/\/summerdesign.ee\/en\/wp-json\/wp\/v2\/product_tag?post=13055"}],"curies":[{"name":"wp","href":"https:\/\/api.w.org\/{rel}","templated":true}]}}