{"id":13035,"date":"2023-07-17T21:07:49","date_gmt":"2023-07-17T18:07:49","guid":{"rendered":"https:\/\/summerdesign.ee\/toode\/sadelev-vinuulkleebis-lilla\/"},"modified":"2026-02-12T03:00:10","modified_gmt":"2026-02-12T00:00:10","slug":"sadelev-vinuulkleebis-lilla","status":"publish","type":"product","link":"https:\/\/summerdesign.ee\/en\/pood\/vinuulkleebis\/sadeleva-pinnaga-vinuulkleebis\/sadelev-vinuulkleebis-lilla\/","title":{"rendered":"S\u00e4delev vin\u00fc\u00fclkleebis &#8211; lilla"},"content":{"rendered":"<p>S\u00e4delev p\u00fcsiv vin\u00fc\u00fclkleebis sobib suurep\u00e4raselt klaasn\u00f5ude, tasside, termoste jne kaunistamiseks.<br \/>\nCricut masinaga l\u00f5igates soovitame l\u00f5ikamiseks valida programmist Shimmer Vinyl. Kui tera on keskmiselt rohkem kulunud, siis vajadusel lisada survele more.<br \/>\nEnne suurema projekti l\u00f5ikamist soovitame teha proovil\u00f5ige, et olla 100% kindel, milline seadistus teie mainaga kindlalt toimib.<br \/>\n\u00dclekandeteibina soovitame kasutada Cricut Strong \u00fclekandeteipi, mis on spetsiaalselt m\u00f5eldud s\u00e4deleva ja tekstuurse pinnaga vin\u00fc\u00fclkleebistele.<\/p>","protected":false},"excerpt":{"rendered":"<p>M\u00f5\u00f5dud: 25 x 30,5 cm<\/p>","protected":false},"featured_media":13064,"template":"","meta":[],"product_brand":[],"product_cat":[538],"product_tag":[],"class_list":{"0":"post-13035","1":"product","2":"type-product","3":"status-publish","4":"has-post-thumbnail","6":"product_cat-sadeleva-pinnaga-vinuulkleebis","8":"first","9":"instock","10":"taxable","11":"shipping-taxable","12":"purchasable","13":"product-type-simple","14":"prodpage-classic"},"_links":{"self":[{"href":"https:\/\/summerdesign.ee\/en\/wp-json\/wp\/v2\/product\/13035","targetHints":{"allow":["GET"]}}],"collection":[{"href":"https:\/\/summerdesign.ee\/en\/wp-json\/wp\/v2\/product"}],"about":[{"href":"https:\/\/summerdesign.ee\/en\/wp-json\/wp\/v2\/types\/product"}],"wp:featuredmedia":[{"embeddable":true,"href":"https:\/\/summerdesign.ee\/en\/wp-json\/wp\/v2\/media\/13064"}],"wp:attachment":[{"href":"https:\/\/summerdesign.ee\/en\/wp-json\/wp\/v2\/media?parent=13035"}],"wp:term":[{"taxonomy":"product_brand","embeddable":true,"href":"https:\/\/summerdesign.ee\/en\/wp-json\/wp\/v2\/product_brand?post=13035"},{"taxonomy":"product_cat","embeddable":true,"href":"https:\/\/summerdesign.ee\/en\/wp-json\/wp\/v2\/product_cat?post=13035"},{"taxonomy":"product_tag","embeddable":true,"href":"https:\/\/summerdesign.ee\/en\/wp-json\/wp\/v2\/product_tag?post=13035"}],"curies":[{"name":"wp","href":"https:\/\/api.w.org\/{rel}","templated":true}]}}