{"id":12909,"date":"2023-07-06T10:26:22","date_gmt":"2023-07-06T07:26:22","guid":{"rendered":"https:\/\/summerdesign.ee\/toode\/labipaistev-jarjehoidja-toorik-oliivroheline-tutik\/"},"modified":"2025-10-21T20:26:35","modified_gmt":"2025-10-21T17:26:35","slug":"labipaistev-jarjehoidja-toorik-oliivroheline-tutik","status":"publish","type":"product","link":"https:\/\/summerdesign.ee\/en\/pood\/tarvikud\/akruulplastist-toorikud\/labipaistev-jarjehoidja-toorik-oliivroheline-tutik\/","title":{"rendered":"L\u00e4bipaistev j\u00e4rjehoidja toorik + oliivroheline tutik"},"content":{"rendered":"","protected":false},"excerpt":{"rendered":"<p>Tooriku m\u00f5\u00f5t: 32 mm x 120 mm, paksus 1 mm<br \/>\nTutiku m\u00f5\u00f5t: 135 mm<\/p>","protected":false},"featured_media":12908,"template":"","meta":[],"product_brand":[],"product_cat":[275],"product_tag":[],"class_list":{"0":"post-12909","1":"product","2":"type-product","3":"status-publish","4":"has-post-thumbnail","6":"product_cat-akruulplastist-toorikud","8":"first","9":"outofstock","10":"taxable","11":"shipping-taxable","12":"purchasable","13":"product-type-simple","14":"prodpage-classic"},"_links":{"self":[{"href":"https:\/\/summerdesign.ee\/en\/wp-json\/wp\/v2\/product\/12909","targetHints":{"allow":["GET"]}}],"collection":[{"href":"https:\/\/summerdesign.ee\/en\/wp-json\/wp\/v2\/product"}],"about":[{"href":"https:\/\/summerdesign.ee\/en\/wp-json\/wp\/v2\/types\/product"}],"wp:featuredmedia":[{"embeddable":true,"href":"https:\/\/summerdesign.ee\/en\/wp-json\/wp\/v2\/media\/12908"}],"wp:attachment":[{"href":"https:\/\/summerdesign.ee\/en\/wp-json\/wp\/v2\/media?parent=12909"}],"wp:term":[{"taxonomy":"product_brand","embeddable":true,"href":"https:\/\/summerdesign.ee\/en\/wp-json\/wp\/v2\/product_brand?post=12909"},{"taxonomy":"product_cat","embeddable":true,"href":"https:\/\/summerdesign.ee\/en\/wp-json\/wp\/v2\/product_cat?post=12909"},{"taxonomy":"product_tag","embeddable":true,"href":"https:\/\/summerdesign.ee\/en\/wp-json\/wp\/v2\/product_tag?post=12909"}],"curies":[{"name":"wp","href":"https:\/\/api.w.org\/{rel}","templated":true}]}}