{"id":12273,"date":"2023-05-05T14:38:06","date_gmt":"2023-05-05T11:38:06","guid":{"rendered":"https:\/\/summerdesign.ee\/toode\/atlaspael-12-mm-x-1-m-tumehall\/"},"modified":"2026-03-07T03:00:09","modified_gmt":"2026-03-07T00:00:09","slug":"atlaspael-12-mm-x-1-m-tumehall","status":"publish","type":"product","link":"https:\/\/summerdesign.ee\/en\/pood\/tarvikud\/paelad\/atlaspael-12-mm-x-1-m-tumehall\/","title":{"rendered":"Atlaspael 12 mm x 1 m &#8211; tumehall"},"content":{"rendered":"<p><span style=\", Helvetica, sans-serif\">Luksuslik kahepoolne atlaspael on siidja l\u00e4ikega m\u00f5lemalt k\u00fcljelt.<\/span><\/p>","protected":false},"excerpt":{"rendered":"<p>Luksuslik kahepoolne atlaspael on siidja l\u00e4ikega m\u00f5lemalt k\u00fcljelt.<\/p>","protected":false},"featured_media":12272,"template":"","meta":[],"product_brand":[],"product_cat":[450],"product_tag":[],"class_list":{"0":"post-12273","1":"product","2":"type-product","3":"status-publish","4":"has-post-thumbnail","6":"product_cat-paelad","8":"first","9":"instock","10":"taxable","11":"shipping-taxable","12":"purchasable","13":"product-type-simple","14":"prodpage-classic"},"_links":{"self":[{"href":"https:\/\/summerdesign.ee\/en\/wp-json\/wp\/v2\/product\/12273","targetHints":{"allow":["GET"]}}],"collection":[{"href":"https:\/\/summerdesign.ee\/en\/wp-json\/wp\/v2\/product"}],"about":[{"href":"https:\/\/summerdesign.ee\/en\/wp-json\/wp\/v2\/types\/product"}],"wp:featuredmedia":[{"embeddable":true,"href":"https:\/\/summerdesign.ee\/en\/wp-json\/wp\/v2\/media\/12272"}],"wp:attachment":[{"href":"https:\/\/summerdesign.ee\/en\/wp-json\/wp\/v2\/media?parent=12273"}],"wp:term":[{"taxonomy":"product_brand","embeddable":true,"href":"https:\/\/summerdesign.ee\/en\/wp-json\/wp\/v2\/product_brand?post=12273"},{"taxonomy":"product_cat","embeddable":true,"href":"https:\/\/summerdesign.ee\/en\/wp-json\/wp\/v2\/product_cat?post=12273"},{"taxonomy":"product_tag","embeddable":true,"href":"https:\/\/summerdesign.ee\/en\/wp-json\/wp\/v2\/product_tag?post=12273"}],"curies":[{"name":"wp","href":"https:\/\/api.w.org\/{rel}","templated":true}]}}