{"id":12259,"date":"2023-05-04T18:45:27","date_gmt":"2023-05-04T15:45:27","guid":{"rendered":"https:\/\/summerdesign.ee\/toode\/peegelpinnaga-vinuulkleebis-rose-gold\/"},"modified":"2026-02-05T03:00:08","modified_gmt":"2026-02-05T00:00:08","slug":"peegelpinnaga-vinuulkleebis-rose-gold","status":"publish","type":"product","link":"https:\/\/summerdesign.ee\/en\/pood\/vinuulkleebis\/sileda-pinnaga-vinuulkleebised\/peegelpinnaga-vinuulkleebis-rose-gold\/","title":{"rendered":"Peegelpinnaga vin\u00fc\u00fclkleebis 30,5 x 122 cm &#8211; rose gold"},"content":{"rendered":"<p>Vin\u00fc\u00fclkleebis on kergesti kleebitav ja v\u00e4ga vastupidav. Vin\u00fc\u00fclkleebist kanda sobivale pinnale \u00fclekande teibiga. Toodet saab kasutada tassidel, klaasidel, puidul, plastikul, termostel, autodel, jalgratastel, akendel, arvutitel, telefonidel jne. Sobib nii sise- kui v\u00e4listingimustesse. Ei ole n\u00f5udepesumasina kindel.&nbsp;<br \/>\nPeegelpinnaga vin\u00fc\u00fclkleebised edastame rulli keeratuna pruunis pakendis.<\/p>","protected":false},"excerpt":{"rendered":"<p>Vin\u00fc\u00fclkleebis on kergesti kleebitav ja v\u00e4ga vastupidav. Vin\u00fc\u00fclkleebist kanda sobivale pinnale \u00fclekande teibiga. Toodet saab kasutada tassidel, klaasidel, puidul, plastikul, termostel, autodel, jalgratastel, akendel, arvutitel, telefonidel jne. Sobib nii sise- kui v\u00e4listingimustesse. Ei ole n\u00f5udepesumasina kindel.&nbsp; Peegelpinnaga vin\u00fc\u00fclkleebised edastame rulli keeratuna pruunis pakendis.<\/p>","protected":false},"featured_media":12258,"template":"","meta":[],"product_brand":[],"product_cat":[536],"product_tag":[],"class_list":{"0":"post-12259","1":"product","2":"type-product","3":"status-publish","4":"has-post-thumbnail","6":"product_cat-sileda-pinnaga-vinuulkleebised","8":"first","9":"instock","10":"taxable","11":"shipping-taxable","12":"purchasable","13":"product-type-simple","14":"prodpage-classic"},"_links":{"self":[{"href":"https:\/\/summerdesign.ee\/en\/wp-json\/wp\/v2\/product\/12259","targetHints":{"allow":["GET"]}}],"collection":[{"href":"https:\/\/summerdesign.ee\/en\/wp-json\/wp\/v2\/product"}],"about":[{"href":"https:\/\/summerdesign.ee\/en\/wp-json\/wp\/v2\/types\/product"}],"wp:featuredmedia":[{"embeddable":true,"href":"https:\/\/summerdesign.ee\/en\/wp-json\/wp\/v2\/media\/12258"}],"wp:attachment":[{"href":"https:\/\/summerdesign.ee\/en\/wp-json\/wp\/v2\/media?parent=12259"}],"wp:term":[{"taxonomy":"product_brand","embeddable":true,"href":"https:\/\/summerdesign.ee\/en\/wp-json\/wp\/v2\/product_brand?post=12259"},{"taxonomy":"product_cat","embeddable":true,"href":"https:\/\/summerdesign.ee\/en\/wp-json\/wp\/v2\/product_cat?post=12259"},{"taxonomy":"product_tag","embeddable":true,"href":"https:\/\/summerdesign.ee\/en\/wp-json\/wp\/v2\/product_tag?post=12259"}],"curies":[{"name":"wp","href":"https:\/\/api.w.org\/{rel}","templated":true}]}}