{"id":12129,"date":"2023-04-24T09:30:25","date_gmt":"2023-04-24T06:30:25","guid":{"rendered":"https:\/\/summerdesign.ee\/toode\/kott-travel-roosa\/"},"modified":"2025-10-22T16:22:15","modified_gmt":"2025-10-22T13:22:15","slug":"kott-travel-roosa","status":"publish","type":"product","link":"https:\/\/summerdesign.ee\/en\/pood\/ettetellimine\/kunstnahast-tooted-tellimisega\/kott-travel-roosa\/","title":{"rendered":"Kott &#8220;Travel&#8221; &#8211; roosa"},"content":{"rendered":"<p>Kott &#8220;Travel&#8221; on ideaalne reisimisel mahutades k\u00f5ik reisidokumendid, telefoni, kaardid jne k\u00f5ik \u00fchte kotti.<br \/> <span style=\", Helvetica, sans-serif\">Saffiano peeneteraline kunstnahast kott, millele saab lisada triigitavate materjalidega soovitud kaunistusi v\u00f5i personaliseerida nime v\u00f5i nimet\u00e4htedega.<\/span><br \/> M\u00f5\u00f5dud: 20 x 23 cm<\/p>","protected":false},"excerpt":{"rendered":"<p>Kott &#8220;Travel&#8221; on ideaalne reisimisel mahutades k\u00f5ik reisidokumendid, telefoni, kaardid jne k\u00f5ik \u00fchte kotti. Saffiano peeneteraline kunstnahast kott, millele saab lisada triigitavate materjalidega soovitud kaunistusi v\u00f5i personaliseerida nime v\u00f5i nimet\u00e4htedega. M\u00f5\u00f5dud: 20 x 23 cm<\/p>","protected":false},"featured_media":12135,"template":"","meta":[],"product_brand":[],"product_cat":[623],"product_tag":[],"class_list":{"0":"post-12129","1":"product","2":"type-product","3":"status-publish","4":"has-post-thumbnail","6":"product_cat-kunstnahast-tooted-tellimisega","8":"first","9":"onbackorder","10":"taxable","11":"shipping-taxable","12":"purchasable","13":"product-type-simple","14":"prodpage-classic"},"_links":{"self":[{"href":"https:\/\/summerdesign.ee\/en\/wp-json\/wp\/v2\/product\/12129","targetHints":{"allow":["GET"]}}],"collection":[{"href":"https:\/\/summerdesign.ee\/en\/wp-json\/wp\/v2\/product"}],"about":[{"href":"https:\/\/summerdesign.ee\/en\/wp-json\/wp\/v2\/types\/product"}],"wp:featuredmedia":[{"embeddable":true,"href":"https:\/\/summerdesign.ee\/en\/wp-json\/wp\/v2\/media\/12135"}],"wp:attachment":[{"href":"https:\/\/summerdesign.ee\/en\/wp-json\/wp\/v2\/media?parent=12129"}],"wp:term":[{"taxonomy":"product_brand","embeddable":true,"href":"https:\/\/summerdesign.ee\/en\/wp-json\/wp\/v2\/product_brand?post=12129"},{"taxonomy":"product_cat","embeddable":true,"href":"https:\/\/summerdesign.ee\/en\/wp-json\/wp\/v2\/product_cat?post=12129"},{"taxonomy":"product_tag","embeddable":true,"href":"https:\/\/summerdesign.ee\/en\/wp-json\/wp\/v2\/product_tag?post=12129"}],"curies":[{"name":"wp","href":"https:\/\/api.w.org\/{rel}","templated":true}]}}