{"id":12102,"date":"2023-04-23T11:00:25","date_gmt":"2023-04-23T08:00:25","guid":{"rendered":"https:\/\/summerdesign.ee\/toode\/vildist-tahvelarvuti-kott-tumehall\/"},"modified":"2026-01-03T11:31:57","modified_gmt":"2026-01-03T08:31:57","slug":"vildist-tahvelarvuti-kott-tumehall","status":"publish","type":"product","link":"https:\/\/summerdesign.ee\/en\/pood\/ettetellimine\/vildist-tooted-tellimisega\/vildist-tahvelarvuti-kott-tumehall\/","title":{"rendered":"Vildist tahvelarvuti kott &#8211; tumehall"},"content":{"rendered":"<p>M\u00f5\u00f5t: 20 x 26 cm<br \/> Materjal: 100% pol\u00fcester vilt<\/p>","protected":false},"excerpt":{"rendered":"<p>M\u00f5\u00f5t: 20 x 26 cm Materjal: 100% pol\u00fcester vilt<\/p>","protected":false},"featured_media":12101,"template":"","meta":[],"product_brand":[],"product_cat":[624],"product_tag":[],"class_list":{"0":"post-12102","1":"product","2":"type-product","3":"status-publish","4":"has-post-thumbnail","6":"product_cat-vildist-tooted-tellimisega","8":"first","9":"onbackorder","10":"taxable","11":"shipping-taxable","12":"purchasable","13":"product-type-simple","14":"prodpage-classic"},"_links":{"self":[{"href":"https:\/\/summerdesign.ee\/en\/wp-json\/wp\/v2\/product\/12102","targetHints":{"allow":["GET"]}}],"collection":[{"href":"https:\/\/summerdesign.ee\/en\/wp-json\/wp\/v2\/product"}],"about":[{"href":"https:\/\/summerdesign.ee\/en\/wp-json\/wp\/v2\/types\/product"}],"wp:featuredmedia":[{"embeddable":true,"href":"https:\/\/summerdesign.ee\/en\/wp-json\/wp\/v2\/media\/12101"}],"wp:attachment":[{"href":"https:\/\/summerdesign.ee\/en\/wp-json\/wp\/v2\/media?parent=12102"}],"wp:term":[{"taxonomy":"product_brand","embeddable":true,"href":"https:\/\/summerdesign.ee\/en\/wp-json\/wp\/v2\/product_brand?post=12102"},{"taxonomy":"product_cat","embeddable":true,"href":"https:\/\/summerdesign.ee\/en\/wp-json\/wp\/v2\/product_cat?post=12102"},{"taxonomy":"product_tag","embeddable":true,"href":"https:\/\/summerdesign.ee\/en\/wp-json\/wp\/v2\/product_tag?post=12102"}],"curies":[{"name":"wp","href":"https:\/\/api.w.org\/{rel}","templated":true}]}}