{"id":12001,"date":"2023-04-22T13:30:18","date_gmt":"2023-04-22T10:30:18","guid":{"rendered":"https:\/\/summerdesign.ee\/toode\/kott-weekend-kreemikas\/"},"modified":"2025-10-22T16:22:15","modified_gmt":"2025-10-22T13:22:15","slug":"kott-weekend-kreemikas","status":"publish","type":"product","link":"https:\/\/summerdesign.ee\/en\/pood\/ettetellimine\/kunstnahast-tooted-tellimisega\/kott-weekend-kreemikas\/","title":{"rendered":"Kott &#8220;Weekend&#8221; &#8211; kreemikas"},"content":{"rendered":"<p class=\"p1\" style=\"margin: 0px;line-height: normal\">Saffiano peeneteraline kunstnahast kott, millel on pikk p\u00f5hisahtli t\u00f5mblukk lihtsaks juurdep\u00e4\u00e4suks.<br \/>\nT\u00f5mblukuga sisemine v\u00e4\u00e4risesemete tasku<br \/>\nPehme puudutusega vooder<br \/>\nSisemine p\u00f5hjatugevdus.<br \/>\nSaab kanda k\u00e4es v\u00f5i \u00fcle \u00f5la<br \/>\nEemaldatav reguleeritav \u00f5larihm<\/p>\n<p class=\"p2\" style=\"margin: 0px;line-height: normal;min-height: 15px\">&nbsp;<\/p>\n<p class=\"p1\" style=\"margin: 0px;line-height: normal\">&nbsp;<\/p>","protected":false},"excerpt":{"rendered":"<p>M\u00f5\u00f5dud: 53 x 26 x 24 cm<\/p>","protected":false},"featured_media":12032,"template":"","meta":[],"product_brand":[],"product_cat":[623],"product_tag":[],"class_list":{"0":"post-12001","1":"product","2":"type-product","3":"status-publish","4":"has-post-thumbnail","6":"product_cat-kunstnahast-tooted-tellimisega","8":"first","9":"onbackorder","10":"taxable","11":"shipping-taxable","12":"purchasable","13":"product-type-simple","14":"prodpage-classic"},"_links":{"self":[{"href":"https:\/\/summerdesign.ee\/en\/wp-json\/wp\/v2\/product\/12001","targetHints":{"allow":["GET"]}}],"collection":[{"href":"https:\/\/summerdesign.ee\/en\/wp-json\/wp\/v2\/product"}],"about":[{"href":"https:\/\/summerdesign.ee\/en\/wp-json\/wp\/v2\/types\/product"}],"wp:featuredmedia":[{"embeddable":true,"href":"https:\/\/summerdesign.ee\/en\/wp-json\/wp\/v2\/media\/12032"}],"wp:attachment":[{"href":"https:\/\/summerdesign.ee\/en\/wp-json\/wp\/v2\/media?parent=12001"}],"wp:term":[{"taxonomy":"product_brand","embeddable":true,"href":"https:\/\/summerdesign.ee\/en\/wp-json\/wp\/v2\/product_brand?post=12001"},{"taxonomy":"product_cat","embeddable":true,"href":"https:\/\/summerdesign.ee\/en\/wp-json\/wp\/v2\/product_cat?post=12001"},{"taxonomy":"product_tag","embeddable":true,"href":"https:\/\/summerdesign.ee\/en\/wp-json\/wp\/v2\/product_tag?post=12001"}],"curies":[{"name":"wp","href":"https:\/\/api.w.org\/{rel}","templated":true}]}}