{"id":11987,"date":"2023-04-22T13:30:02","date_gmt":"2023-04-22T10:30:02","guid":{"rendered":"https:\/\/summerdesign.ee\/toode\/kott-weekend-must\/"},"modified":"2025-10-23T08:19:01","modified_gmt":"2025-10-23T05:19:01","slug":"kott-weekend-must","status":"publish","type":"product","link":"https:\/\/summerdesign.ee\/en\/pood\/ettetellimine\/kunstnahast-tooted-tellimisega\/kott-weekend-must\/","title":{"rendered":"Kott &#8220;Weekend&#8221; &#8211; must"},"content":{"rendered":"<p>Saffiano peeneteraline kunstnahast kott, millel on pikk p\u00f5hisahtli t\u00f5mblukk lihtsaks juurdep\u00e4\u00e4suks.<br \/>\nT\u00f5mblukuga sisemine v\u00e4\u00e4risesemete tasku<br \/>\nPehme puudutusega vooder<br \/>\nSisemine p\u00f5hjatugevdus.<br \/>\nSaab kanda k\u00e4es v\u00f5i \u00fcle \u00f5la<br \/>\nEemaldatav reguleeritav \u00f5larihm<\/p>","protected":false},"excerpt":{"rendered":"<p>M\u00f5\u00f5dud: 53 x 26 x 24 cm<\/p>","protected":false},"featured_media":12041,"template":"","meta":[],"product_brand":[],"product_cat":[623],"product_tag":[],"class_list":{"0":"post-11987","1":"product","2":"type-product","3":"status-publish","4":"has-post-thumbnail","6":"product_cat-kunstnahast-tooted-tellimisega","8":"first","9":"onbackorder","10":"taxable","11":"shipping-taxable","12":"purchasable","13":"product-type-simple","14":"prodpage-classic"},"_links":{"self":[{"href":"https:\/\/summerdesign.ee\/en\/wp-json\/wp\/v2\/product\/11987","targetHints":{"allow":["GET"]}}],"collection":[{"href":"https:\/\/summerdesign.ee\/en\/wp-json\/wp\/v2\/product"}],"about":[{"href":"https:\/\/summerdesign.ee\/en\/wp-json\/wp\/v2\/types\/product"}],"wp:featuredmedia":[{"embeddable":true,"href":"https:\/\/summerdesign.ee\/en\/wp-json\/wp\/v2\/media\/12041"}],"wp:attachment":[{"href":"https:\/\/summerdesign.ee\/en\/wp-json\/wp\/v2\/media?parent=11987"}],"wp:term":[{"taxonomy":"product_brand","embeddable":true,"href":"https:\/\/summerdesign.ee\/en\/wp-json\/wp\/v2\/product_brand?post=11987"},{"taxonomy":"product_cat","embeddable":true,"href":"https:\/\/summerdesign.ee\/en\/wp-json\/wp\/v2\/product_cat?post=11987"},{"taxonomy":"product_tag","embeddable":true,"href":"https:\/\/summerdesign.ee\/en\/wp-json\/wp\/v2\/product_tag?post=11987"}],"curies":[{"name":"wp","href":"https:\/\/api.w.org\/{rel}","templated":true}]}}