{"id":11905,"date":"2023-04-15T19:59:55","date_gmt":"2023-04-15T16:59:55","guid":{"rendered":"https:\/\/summerdesign.ee\/toode\/glitterkartong-a4-turkiis\/"},"modified":"2026-01-21T03:00:10","modified_gmt":"2026-01-21T00:00:10","slug":"glitterkartong-a4-turkiis","status":"publish","type":"product","link":"https:\/\/summerdesign.ee\/en\/pood\/paber\/glitterkartong\/glitterkartong-a4-turkiis\/","title":{"rendered":"Glitterkartong A4 200 g 1 leht &#8211; t\u00fcrkiis"},"content":{"rendered":"<p>Heyda ilusa s\u00e4delusega glitterkartong, mis sobib kaartide, b\u00e4nnerite, topperite tegemiseks.<\/p>","protected":false},"excerpt":{"rendered":"<p>M\u00f5\u00f5t: A4, 200g<\/p>","protected":false},"featured_media":15626,"template":"","meta":[],"product_brand":[],"product_cat":[281],"product_tag":[],"class_list":{"0":"post-11905","1":"product","2":"type-product","3":"status-publish","4":"has-post-thumbnail","6":"product_cat-glitterkartong","8":"first","9":"instock","10":"taxable","11":"shipping-taxable","12":"purchasable","13":"product-type-simple","14":"prodpage-classic"},"_links":{"self":[{"href":"https:\/\/summerdesign.ee\/en\/wp-json\/wp\/v2\/product\/11905","targetHints":{"allow":["GET"]}}],"collection":[{"href":"https:\/\/summerdesign.ee\/en\/wp-json\/wp\/v2\/product"}],"about":[{"href":"https:\/\/summerdesign.ee\/en\/wp-json\/wp\/v2\/types\/product"}],"wp:featuredmedia":[{"embeddable":true,"href":"https:\/\/summerdesign.ee\/en\/wp-json\/wp\/v2\/media\/15626"}],"wp:attachment":[{"href":"https:\/\/summerdesign.ee\/en\/wp-json\/wp\/v2\/media?parent=11905"}],"wp:term":[{"taxonomy":"product_brand","embeddable":true,"href":"https:\/\/summerdesign.ee\/en\/wp-json\/wp\/v2\/product_brand?post=11905"},{"taxonomy":"product_cat","embeddable":true,"href":"https:\/\/summerdesign.ee\/en\/wp-json\/wp\/v2\/product_cat?post=11905"},{"taxonomy":"product_tag","embeddable":true,"href":"https:\/\/summerdesign.ee\/en\/wp-json\/wp\/v2\/product_tag?post=11905"}],"curies":[{"name":"wp","href":"https:\/\/api.w.org\/{rel}","templated":true}]}}