{"id":11580,"date":"2023-03-29T22:11:56","date_gmt":"2023-03-29T19:11:56","guid":{"rendered":"https:\/\/summerdesign.ee\/toode\/poluester-siid-tutikud-tumepunane\/"},"modified":"2026-02-04T03:00:09","modified_gmt":"2026-02-04T00:00:09","slug":"poluester-siid-tutikud-tumepunane","status":"publish","type":"product","link":"https:\/\/summerdesign.ee\/en\/pood\/tarvikud\/dekoratiivne-materjal\/poluester-siid-tutikud-tumepunane\/","title":{"rendered":"Pol\u00fcester siid tutikud &#8211; tumepunane"},"content":{"rendered":"<p><span style=\", Helvetica, sans-serif\">Pol\u00fcester siid tutikud, millega saab dekoreerida kutseid, kohasilte, j\u00e4rjehoidjaid jne jne.<br \/>\nTutiku pikkust saad soovi korral ka l\u00fchemaks l\u00f5igata.<\/span><\/p>","protected":false},"excerpt":{"rendered":"<p>M\u00f5\u00f5t: kogu pikkus 15 cm, aasa m\u00f5\u00f5t  6cm ja tutiku m\u00f5\u00f5t 9 cm.<br \/>\n\u200bPakis: 10 tk<\/p>","protected":false},"featured_media":11587,"template":"","meta":[],"product_brand":[],"product_cat":[427],"product_tag":[],"class_list":{"0":"post-11580","1":"product","2":"type-product","3":"status-publish","4":"has-post-thumbnail","6":"product_cat-dekoratiivne-materjal","8":"first","9":"instock","10":"taxable","11":"shipping-taxable","12":"purchasable","13":"product-type-simple","14":"prodpage-classic"},"_links":{"self":[{"href":"https:\/\/summerdesign.ee\/en\/wp-json\/wp\/v2\/product\/11580","targetHints":{"allow":["GET"]}}],"collection":[{"href":"https:\/\/summerdesign.ee\/en\/wp-json\/wp\/v2\/product"}],"about":[{"href":"https:\/\/summerdesign.ee\/en\/wp-json\/wp\/v2\/types\/product"}],"wp:featuredmedia":[{"embeddable":true,"href":"https:\/\/summerdesign.ee\/en\/wp-json\/wp\/v2\/media\/11587"}],"wp:attachment":[{"href":"https:\/\/summerdesign.ee\/en\/wp-json\/wp\/v2\/media?parent=11580"}],"wp:term":[{"taxonomy":"product_brand","embeddable":true,"href":"https:\/\/summerdesign.ee\/en\/wp-json\/wp\/v2\/product_brand?post=11580"},{"taxonomy":"product_cat","embeddable":true,"href":"https:\/\/summerdesign.ee\/en\/wp-json\/wp\/v2\/product_cat?post=11580"},{"taxonomy":"product_tag","embeddable":true,"href":"https:\/\/summerdesign.ee\/en\/wp-json\/wp\/v2\/product_tag?post=11580"}],"curies":[{"name":"wp","href":"https:\/\/api.w.org\/{rel}","templated":true}]}}