{"id":11579,"date":"2023-03-29T22:11:56","date_gmt":"2023-03-29T19:11:56","guid":{"rendered":"https:\/\/summerdesign.ee\/toode\/poluester-siid-tutikud-virsik\/"},"modified":"2026-03-22T13:53:08","modified_gmt":"2026-03-22T10:53:08","slug":"poluester-siid-tutikud-virsik","status":"publish","type":"product","link":"https:\/\/summerdesign.ee\/en\/pood\/soodus\/poluester-siid-tutikud-virsik\/","title":{"rendered":"Pol\u00fcester siid tutikud &#8211; virsik"},"content":{"rendered":"<p>Pol\u00fcester siid tutikud, millega saab dekoreerida kutseid, kohasilte, j\u00e4rjehoidjaid jne jne.<br \/>\nTutiku pikkust saad soovi korral ka l\u00fchemaks l\u00f5igata.<\/p>","protected":false},"excerpt":{"rendered":"<p>M\u00f5\u00f5t: kogu pikkus 15 cm, aasa m\u00f5\u00f5t 6cm ja tutiku m\u00f5\u00f5t 9 cm.<br \/>\n\u200bPakis: 10 tk<\/p>","protected":false},"featured_media":11586,"template":"","meta":[],"product_brand":[],"product_cat":[311],"product_tag":[],"class_list":{"0":"post-11579","1":"product","2":"type-product","3":"status-publish","4":"has-post-thumbnail","6":"product_cat-soodus","8":"first","9":"instock","10":"sale","11":"taxable","12":"shipping-taxable","13":"purchasable","14":"product-type-simple","15":"prodpage-classic"},"_links":{"self":[{"href":"https:\/\/summerdesign.ee\/en\/wp-json\/wp\/v2\/product\/11579","targetHints":{"allow":["GET"]}}],"collection":[{"href":"https:\/\/summerdesign.ee\/en\/wp-json\/wp\/v2\/product"}],"about":[{"href":"https:\/\/summerdesign.ee\/en\/wp-json\/wp\/v2\/types\/product"}],"wp:featuredmedia":[{"embeddable":true,"href":"https:\/\/summerdesign.ee\/en\/wp-json\/wp\/v2\/media\/11586"}],"wp:attachment":[{"href":"https:\/\/summerdesign.ee\/en\/wp-json\/wp\/v2\/media?parent=11579"}],"wp:term":[{"taxonomy":"product_brand","embeddable":true,"href":"https:\/\/summerdesign.ee\/en\/wp-json\/wp\/v2\/product_brand?post=11579"},{"taxonomy":"product_cat","embeddable":true,"href":"https:\/\/summerdesign.ee\/en\/wp-json\/wp\/v2\/product_cat?post=11579"},{"taxonomy":"product_tag","embeddable":true,"href":"https:\/\/summerdesign.ee\/en\/wp-json\/wp\/v2\/product_tag?post=11579"}],"curies":[{"name":"wp","href":"https:\/\/api.w.org\/{rel}","templated":true}]}}