{"id":11258,"date":"2023-03-21T20:08:06","date_gmt":"2023-03-21T17:08:06","guid":{"rendered":"https:\/\/summerdesign.ee\/toode\/glitterkartong-a4-helekuld\/"},"modified":"2026-01-31T03:00:11","modified_gmt":"2026-01-31T00:00:11","slug":"glitterkartong-a4-helekuld","status":"publish","type":"product","link":"https:\/\/summerdesign.ee\/en\/pood\/paber\/glitterkartong\/glitterkartong-a4-helekuld\/","title":{"rendered":"Glitterkartong A4 200 g 1 leht &#8211; helekuld"},"content":{"rendered":"<p><span style=\", Helvetica, sans-serif\">Heyda ilusa s\u00e4delusega glitterkartong, mis sobib kaartide, b\u00e4nnerite, topperite tegemiseks.<\/span><br \/>\nM\u00f5\u00f5t: A4, 200g<\/p>","protected":false},"excerpt":{"rendered":"<p>Tarneaeg: 1-3 t\u00f6\u00f6p\u00e4eva<\/p>","protected":false},"featured_media":11278,"template":"","meta":[],"product_brand":[],"product_cat":[281],"product_tag":[],"class_list":{"0":"post-11258","1":"product","2":"type-product","3":"status-publish","4":"has-post-thumbnail","6":"product_cat-glitterkartong","8":"first","9":"outofstock","10":"taxable","11":"shipping-taxable","12":"purchasable","13":"product-type-simple","14":"prodpage-classic"},"_links":{"self":[{"href":"https:\/\/summerdesign.ee\/en\/wp-json\/wp\/v2\/product\/11258","targetHints":{"allow":["GET"]}}],"collection":[{"href":"https:\/\/summerdesign.ee\/en\/wp-json\/wp\/v2\/product"}],"about":[{"href":"https:\/\/summerdesign.ee\/en\/wp-json\/wp\/v2\/types\/product"}],"wp:featuredmedia":[{"embeddable":true,"href":"https:\/\/summerdesign.ee\/en\/wp-json\/wp\/v2\/media\/11278"}],"wp:attachment":[{"href":"https:\/\/summerdesign.ee\/en\/wp-json\/wp\/v2\/media?parent=11258"}],"wp:term":[{"taxonomy":"product_brand","embeddable":true,"href":"https:\/\/summerdesign.ee\/en\/wp-json\/wp\/v2\/product_brand?post=11258"},{"taxonomy":"product_cat","embeddable":true,"href":"https:\/\/summerdesign.ee\/en\/wp-json\/wp\/v2\/product_cat?post=11258"},{"taxonomy":"product_tag","embeddable":true,"href":"https:\/\/summerdesign.ee\/en\/wp-json\/wp\/v2\/product_tag?post=11258"}],"curies":[{"name":"wp","href":"https:\/\/api.w.org\/{rel}","templated":true}]}}