{"id":11185,"date":"2023-03-17T12:38:31","date_gmt":"2023-03-17T09:38:31","guid":{"rendered":"https:\/\/summerdesign.ee\/toode\/kahepoolne-atlaspael-7-mm-x-1-m-navi-sinine\/"},"modified":"2025-10-21T20:20:49","modified_gmt":"2025-10-21T17:20:49","slug":"kahepoolne-atlaspael-7-mm-x-1-m-navi-sinine","status":"publish","type":"product","link":"https:\/\/summerdesign.ee\/en\/pood\/tarvikud\/paelad\/kahepoolne-atlaspael-7-mm-x-1-m-navi-sinine\/","title":{"rendered":"Kahepoolne atlaspael 7 mm x 1 m &#8211; navi sinine"},"content":{"rendered":"<p>Luksuslik kahepoolne atlaspael on siidja l\u00e4ikega m\u00f5lemalt k\u00fcljelt.<\/p>","protected":false},"excerpt":{"rendered":"<p>Luksuslik kahepoolne atlaspael on siidja l\u00e4ikega m\u00f5lemalt k\u00fcljelt.<\/p>","protected":false},"featured_media":11209,"template":"","meta":[],"product_brand":[],"product_cat":[450],"product_tag":[],"class_list":{"0":"post-11185","1":"product","2":"type-product","3":"status-publish","4":"has-post-thumbnail","6":"product_cat-paelad","8":"first","9":"outofstock","10":"taxable","11":"shipping-taxable","12":"purchasable","13":"product-type-simple","14":"prodpage-classic"},"_links":{"self":[{"href":"https:\/\/summerdesign.ee\/en\/wp-json\/wp\/v2\/product\/11185","targetHints":{"allow":["GET"]}}],"collection":[{"href":"https:\/\/summerdesign.ee\/en\/wp-json\/wp\/v2\/product"}],"about":[{"href":"https:\/\/summerdesign.ee\/en\/wp-json\/wp\/v2\/types\/product"}],"wp:featuredmedia":[{"embeddable":true,"href":"https:\/\/summerdesign.ee\/en\/wp-json\/wp\/v2\/media\/11209"}],"wp:attachment":[{"href":"https:\/\/summerdesign.ee\/en\/wp-json\/wp\/v2\/media?parent=11185"}],"wp:term":[{"taxonomy":"product_brand","embeddable":true,"href":"https:\/\/summerdesign.ee\/en\/wp-json\/wp\/v2\/product_brand?post=11185"},{"taxonomy":"product_cat","embeddable":true,"href":"https:\/\/summerdesign.ee\/en\/wp-json\/wp\/v2\/product_cat?post=11185"},{"taxonomy":"product_tag","embeddable":true,"href":"https:\/\/summerdesign.ee\/en\/wp-json\/wp\/v2\/product_tag?post=11185"}],"curies":[{"name":"wp","href":"https:\/\/api.w.org\/{rel}","templated":true}]}}