{"id":11148,"date":"2023-03-17T00:33:21","date_gmt":"2023-03-16T21:33:21","guid":{"rendered":"https:\/\/summerdesign.ee\/toode\/kahepoolne-atlaspael-7-mm-x-1-m-helemint\/"},"modified":"2026-03-23T03:00:09","modified_gmt":"2026-03-23T00:00:09","slug":"kahepoolne-atlaspael-7-mm-x-1-m-helemint","status":"publish","type":"product","link":"https:\/\/summerdesign.ee\/en\/pood\/tarvikud\/paelad\/kahepoolne-atlaspael-7-mm-x-1-m-helemint\/","title":{"rendered":"Kahepoolne atlaspael 7 mm x 1 m &#8211; helemint"},"content":{"rendered":"<p>Luksuslik kahepoolne atlaspael on siidja l\u00e4ikega m\u00f5lemalt k\u00fcljelt.<\/p>","protected":false},"excerpt":{"rendered":"<p>Luksuslik kahepoolne atlaspael on siidja l\u00e4ikega m\u00f5lemalt k\u00fcljelt.<\/p>","protected":false},"featured_media":11169,"template":"","meta":[],"product_brand":[],"product_cat":[450],"product_tag":[],"class_list":{"0":"post-11148","1":"product","2":"type-product","3":"status-publish","4":"has-post-thumbnail","6":"product_cat-paelad","8":"first","9":"outofstock","10":"taxable","11":"shipping-taxable","12":"purchasable","13":"product-type-simple","14":"prodpage-classic"},"_links":{"self":[{"href":"https:\/\/summerdesign.ee\/en\/wp-json\/wp\/v2\/product\/11148","targetHints":{"allow":["GET"]}}],"collection":[{"href":"https:\/\/summerdesign.ee\/en\/wp-json\/wp\/v2\/product"}],"about":[{"href":"https:\/\/summerdesign.ee\/en\/wp-json\/wp\/v2\/types\/product"}],"wp:featuredmedia":[{"embeddable":true,"href":"https:\/\/summerdesign.ee\/en\/wp-json\/wp\/v2\/media\/11169"}],"wp:attachment":[{"href":"https:\/\/summerdesign.ee\/en\/wp-json\/wp\/v2\/media?parent=11148"}],"wp:term":[{"taxonomy":"product_brand","embeddable":true,"href":"https:\/\/summerdesign.ee\/en\/wp-json\/wp\/v2\/product_brand?post=11148"},{"taxonomy":"product_cat","embeddable":true,"href":"https:\/\/summerdesign.ee\/en\/wp-json\/wp\/v2\/product_cat?post=11148"},{"taxonomy":"product_tag","embeddable":true,"href":"https:\/\/summerdesign.ee\/en\/wp-json\/wp\/v2\/product_tag?post=11148"}],"curies":[{"name":"wp","href":"https:\/\/api.w.org\/{rel}","templated":true}]}}