{"id":11140,"date":"2023-03-17T00:33:16","date_gmt":"2023-03-16T21:33:16","guid":{"rendered":"https:\/\/summerdesign.ee\/toode\/kahepoolne-atlaspael-7-mm-x-1-m-helesinine\/"},"modified":"2025-10-21T20:24:06","modified_gmt":"2025-10-21T17:24:06","slug":"kahepoolne-atlaspael-7-mm-x-1-m-helesinine","status":"publish","type":"product","link":"https:\/\/summerdesign.ee\/en\/pood\/tarvikud\/paelad\/kahepoolne-atlaspael-7-mm-x-1-m-helesinine\/","title":{"rendered":"Kahepoolne atlaspael 7 mm x 1 m &#8211; helesinine"},"content":{"rendered":"<p>Luksuslik kahepoolne atlaspael on siidja l\u00e4ikega m\u00f5lemalt k\u00fcljelt.<\/p>","protected":false},"excerpt":{"rendered":"<p>Luksuslik kahepoolne atlaspael on siidja l\u00e4ikega m\u00f5lemalt k\u00fcljelt.<\/p>","protected":false},"featured_media":0,"template":"","meta":[],"product_brand":[],"product_cat":[450],"product_tag":[],"class_list":{"0":"post-11140","1":"product","2":"type-product","3":"status-publish","5":"product_cat-paelad","7":"first","8":"outofstock","9":"taxable","10":"shipping-taxable","11":"purchasable","12":"product-type-simple","13":"prodpage-classic"},"_links":{"self":[{"href":"https:\/\/summerdesign.ee\/en\/wp-json\/wp\/v2\/product\/11140","targetHints":{"allow":["GET"]}}],"collection":[{"href":"https:\/\/summerdesign.ee\/en\/wp-json\/wp\/v2\/product"}],"about":[{"href":"https:\/\/summerdesign.ee\/en\/wp-json\/wp\/v2\/types\/product"}],"wp:attachment":[{"href":"https:\/\/summerdesign.ee\/en\/wp-json\/wp\/v2\/media?parent=11140"}],"wp:term":[{"taxonomy":"product_brand","embeddable":true,"href":"https:\/\/summerdesign.ee\/en\/wp-json\/wp\/v2\/product_brand?post=11140"},{"taxonomy":"product_cat","embeddable":true,"href":"https:\/\/summerdesign.ee\/en\/wp-json\/wp\/v2\/product_cat?post=11140"},{"taxonomy":"product_tag","embeddable":true,"href":"https:\/\/summerdesign.ee\/en\/wp-json\/wp\/v2\/product_tag?post=11140"}],"curies":[{"name":"wp","href":"https:\/\/api.w.org\/{rel}","templated":true}]}}