{"id":11005,"date":"2023-03-11T15:04:02","date_gmt":"2023-03-11T12:04:02","guid":{"rendered":"https:\/\/summerdesign.ee\/toode\/sheikeri-ringid-raam-6-mm-o-112-cm-7tk\/"},"modified":"2025-10-21T20:21:45","modified_gmt":"2025-10-21T17:21:45","slug":"sheikeri-ringid-raam-6-mm-o-112-cm-7tk","status":"publish","type":"product","link":"https:\/\/summerdesign.ee\/en\/pood\/tarvikud\/sheikeri-toorikud\/sheikeri-ringid-raam-6-mm-o-112-cm-7tk\/","title":{"rendered":"Sheikeri ringid &#8211; raam 6 mm \u00d8 11,2 cm 5tk"},"content":{"rendered":"<p><span style=\", Helvetica, sans-serif\">Toorikud on kaheltpoolt&nbsp;iseliimuva pinnaga kergest vahtplaadist.<\/span><br style=\", Helvetica, sans-serif\" \/><br \/>\n<span style=\", Helvetica, sans-serif\">Valminud Summer Design O\u00dc tellimusel Eestis!<\/span><\/p>","protected":false},"excerpt":{"rendered":"<p>V\u00e4line m\u00f5\u00f5t raamil: 11,2 cm<br \/>\nRaami laius 6 mm ja k\u00f5rgus 3 mm<br \/>\nPakis: 5 tk<\/p>","protected":false},"featured_media":11014,"template":"","meta":[],"product_brand":[],"product_cat":[448],"product_tag":[],"class_list":{"0":"post-11005","1":"product","2":"type-product","3":"status-publish","4":"has-post-thumbnail","6":"product_cat-sheikeri-toorikud","8":"first","9":"outofstock","10":"taxable","11":"shipping-taxable","12":"purchasable","13":"product-type-simple","14":"prodpage-classic"},"_links":{"self":[{"href":"https:\/\/summerdesign.ee\/en\/wp-json\/wp\/v2\/product\/11005","targetHints":{"allow":["GET"]}}],"collection":[{"href":"https:\/\/summerdesign.ee\/en\/wp-json\/wp\/v2\/product"}],"about":[{"href":"https:\/\/summerdesign.ee\/en\/wp-json\/wp\/v2\/types\/product"}],"wp:featuredmedia":[{"embeddable":true,"href":"https:\/\/summerdesign.ee\/en\/wp-json\/wp\/v2\/media\/11014"}],"wp:attachment":[{"href":"https:\/\/summerdesign.ee\/en\/wp-json\/wp\/v2\/media?parent=11005"}],"wp:term":[{"taxonomy":"product_brand","embeddable":true,"href":"https:\/\/summerdesign.ee\/en\/wp-json\/wp\/v2\/product_brand?post=11005"},{"taxonomy":"product_cat","embeddable":true,"href":"https:\/\/summerdesign.ee\/en\/wp-json\/wp\/v2\/product_cat?post=11005"},{"taxonomy":"product_tag","embeddable":true,"href":"https:\/\/summerdesign.ee\/en\/wp-json\/wp\/v2\/product_tag?post=11005"}],"curies":[{"name":"wp","href":"https:\/\/api.w.org\/{rel}","templated":true}]}}