{"id":10902,"date":"2023-03-09T23:33:14","date_gmt":"2023-03-09T20:33:14","guid":{"rendered":"https:\/\/summerdesign.ee\/toode\/retro-spordikott-sinine-valgega\/"},"modified":"2025-10-23T13:38:55","modified_gmt":"2025-10-23T10:38:55","slug":"retro-spordikott-sinine-valgega","status":"publish","type":"product","link":"https:\/\/summerdesign.ee\/en\/pood\/ettetellimine\/selja-ja-spordikotid-tellimisega\/retro-spordikott-sinine-valgega\/","title":{"rendered":"Retro spordikott sinine valgega"},"content":{"rendered":"<p>Kott on tugevdatud p\u00f5hjaga ning plastikust nupud on koti all. Suletav lukuga, ees v\u00e4iksem lukuga tasku. Koti sees \u00fchel k\u00fcljel kaks v\u00f5rgust taskut ning teisel k\u00fcljel v\u00e4iksem lukuga tasku. Koti v\u00e4lisk\u00fcljes olevas taskus on sees \u00fcks v\u00f5rk tasku ning teine telefoni jaoks.<\/p>","protected":false},"excerpt":{"rendered":"<p>M\u00f5\u00f5t: 44 x 31 x 25 cm<br \/>\nMaterjal: 100% polyester<\/p>","protected":false},"featured_media":10901,"template":"","meta":[],"product_brand":[],"product_cat":[620],"product_tag":[],"class_list":{"0":"post-10902","1":"product","2":"type-product","3":"status-publish","4":"has-post-thumbnail","6":"product_cat-selja-ja-spordikotid-tellimisega","8":"first","9":"onbackorder","10":"taxable","11":"shipping-taxable","12":"purchasable","13":"product-type-simple","14":"prodpage-classic"},"_links":{"self":[{"href":"https:\/\/summerdesign.ee\/en\/wp-json\/wp\/v2\/product\/10902","targetHints":{"allow":["GET"]}}],"collection":[{"href":"https:\/\/summerdesign.ee\/en\/wp-json\/wp\/v2\/product"}],"about":[{"href":"https:\/\/summerdesign.ee\/en\/wp-json\/wp\/v2\/types\/product"}],"wp:featuredmedia":[{"embeddable":true,"href":"https:\/\/summerdesign.ee\/en\/wp-json\/wp\/v2\/media\/10901"}],"wp:attachment":[{"href":"https:\/\/summerdesign.ee\/en\/wp-json\/wp\/v2\/media?parent=10902"}],"wp:term":[{"taxonomy":"product_brand","embeddable":true,"href":"https:\/\/summerdesign.ee\/en\/wp-json\/wp\/v2\/product_brand?post=10902"},{"taxonomy":"product_cat","embeddable":true,"href":"https:\/\/summerdesign.ee\/en\/wp-json\/wp\/v2\/product_cat?post=10902"},{"taxonomy":"product_tag","embeddable":true,"href":"https:\/\/summerdesign.ee\/en\/wp-json\/wp\/v2\/product_tag?post=10902"}],"curies":[{"name":"wp","href":"https:\/\/api.w.org\/{rel}","templated":true}]}}