{"id":10761,"date":"2023-03-03T18:48:24","date_gmt":"2023-03-03T15:48:24","guid":{"rendered":"https:\/\/summerdesign.ee\/toode\/earthaware-organic-ostukott-hall\/"},"modified":"2026-04-14T03:00:09","modified_gmt":"2026-04-14T00:00:09","slug":"earthaware-organic-ostukott-hall","status":"publish","type":"product","link":"https:\/\/summerdesign.ee\/en\/pood\/ettetellimine\/kunstnahast-tooted-tellimisega\/earthaware-organic-ostukott-hall\/","title":{"rendered":"Kosmeetikakott lukuga &#8211; must"},"content":{"rendered":"<p>Mahukas kott taaskasutatud pol\u00fcester kott, mis on valmistatud 100% rPET-st. V\u00e4ga hea kott kehahooldusvahendite hoiustamiseks. Koti sees on \u00fchel k\u00fcljel veel v\u00e4ike tasku, mis suletav lukuga.<br \/>\nV\u00f5imalus personaliseeri triigitavate materjalidega kott oman\u00e4oliseks.<\/p>","protected":false},"excerpt":{"rendered":"<p>M\u00f5\u00f5dud: 24 x 17 x 9 cm<br \/>\nMaterjal: 100% pol\u00fcester<\/p>","protected":false},"featured_media":17877,"template":"","meta":[],"product_brand":[],"product_cat":[623],"product_tag":[],"class_list":{"0":"post-10761","1":"product","2":"type-product","3":"status-publish","4":"has-post-thumbnail","6":"product_cat-kunstnahast-tooted-tellimisega","8":"first","9":"onbackorder","10":"taxable","11":"shipping-taxable","12":"purchasable","13":"product-type-simple","14":"prodpage-classic"},"_links":{"self":[{"href":"https:\/\/summerdesign.ee\/en\/wp-json\/wp\/v2\/product\/10761","targetHints":{"allow":["GET"]}}],"collection":[{"href":"https:\/\/summerdesign.ee\/en\/wp-json\/wp\/v2\/product"}],"about":[{"href":"https:\/\/summerdesign.ee\/en\/wp-json\/wp\/v2\/types\/product"}],"wp:featuredmedia":[{"embeddable":true,"href":"https:\/\/summerdesign.ee\/en\/wp-json\/wp\/v2\/media\/17877"}],"wp:attachment":[{"href":"https:\/\/summerdesign.ee\/en\/wp-json\/wp\/v2\/media?parent=10761"}],"wp:term":[{"taxonomy":"product_brand","embeddable":true,"href":"https:\/\/summerdesign.ee\/en\/wp-json\/wp\/v2\/product_brand?post=10761"},{"taxonomy":"product_cat","embeddable":true,"href":"https:\/\/summerdesign.ee\/en\/wp-json\/wp\/v2\/product_cat?post=10761"},{"taxonomy":"product_tag","embeddable":true,"href":"https:\/\/summerdesign.ee\/en\/wp-json\/wp\/v2\/product_tag?post=10761"}],"curies":[{"name":"wp","href":"https:\/\/api.w.org\/{rel}","templated":true}]}}