{"id":10499,"date":"2023-02-22T22:07:26","date_gmt":"2023-02-22T19:07:26","guid":{"rendered":"https:\/\/summerdesign.ee\/toode\/glitterkartong-a4-aprikoos\/"},"modified":"2026-03-21T14:07:57","modified_gmt":"2026-03-21T11:07:57","slug":"glitterkartong-a4-heleroosa-2","status":"publish","type":"product","link":"https:\/\/summerdesign.ee\/en\/pood\/paber\/glitterkartong\/glitterkartong-a4-heleroosa-2\/","title":{"rendered":"Glitterkartong A4 200 g 1 leht &#8211; l\u00f5heroosa"},"content":{"rendered":"<p>Heyda ilusa s\u00e4delusega glitterkartong, mis sobib kaartide, b\u00e4nnerite, topperite tegemiseks.<br \/>\nNB! Erinevate partiidena v\u00f5ib esineda tooni erinevusi!<\/p>","protected":false},"excerpt":{"rendered":"<p>M\u00f5\u00f5t: A4, 200g<br \/>\nNB! Erinevate partiidena v\u00f5ib esineda tooni erinevusi!<\/p>","protected":false},"featured_media":11613,"template":"","meta":[],"product_brand":[],"product_cat":[281],"product_tag":[],"class_list":{"0":"post-10499","1":"product","2":"type-product","3":"status-publish","4":"has-post-thumbnail","6":"product_cat-glitterkartong","8":"first","9":"instock","10":"taxable","11":"shipping-taxable","12":"purchasable","13":"product-type-simple","14":"prodpage-classic"},"_links":{"self":[{"href":"https:\/\/summerdesign.ee\/en\/wp-json\/wp\/v2\/product\/10499","targetHints":{"allow":["GET"]}}],"collection":[{"href":"https:\/\/summerdesign.ee\/en\/wp-json\/wp\/v2\/product"}],"about":[{"href":"https:\/\/summerdesign.ee\/en\/wp-json\/wp\/v2\/types\/product"}],"wp:featuredmedia":[{"embeddable":true,"href":"https:\/\/summerdesign.ee\/en\/wp-json\/wp\/v2\/media\/11613"}],"wp:attachment":[{"href":"https:\/\/summerdesign.ee\/en\/wp-json\/wp\/v2\/media?parent=10499"}],"wp:term":[{"taxonomy":"product_brand","embeddable":true,"href":"https:\/\/summerdesign.ee\/en\/wp-json\/wp\/v2\/product_brand?post=10499"},{"taxonomy":"product_cat","embeddable":true,"href":"https:\/\/summerdesign.ee\/en\/wp-json\/wp\/v2\/product_cat?post=10499"},{"taxonomy":"product_tag","embeddable":true,"href":"https:\/\/summerdesign.ee\/en\/wp-json\/wp\/v2\/product_tag?post=10499"}],"curies":[{"name":"wp","href":"https:\/\/api.w.org\/{rel}","templated":true}]}}