{"id":10380,"date":"2023-02-20T12:06:42","date_gmt":"2023-02-20T09:06:42","guid":{"rendered":"https:\/\/summerdesign.ee\/toode\/kartongist-valjaloiked-8tk-valge-oksad\/"},"modified":"2025-10-21T20:20:04","modified_gmt":"2025-10-21T17:20:04","slug":"kartongist-valjaloiked-8tk-valge-oksad","status":"publish","type":"product","link":"https:\/\/summerdesign.ee\/en\/pood\/paber\/paber-valjaloiked\/kartongist-valjaloiked-8tk-valge-oksad\/","title":{"rendered":"Kartongist v\u00e4ljal\u00f5iked 8tk valge &#8211; oksad"},"content":{"rendered":"","protected":false},"excerpt":{"rendered":"<p>Toode on ettetellimisega ja ooteaeg on 2-3 t\u00f6\u00f6p\u00e4eva!<br \/>\nM\u00f5\u00f5t 68 x 25 mm<\/p>","protected":false},"featured_media":16406,"template":"","meta":[],"product_brand":[],"product_cat":[280],"product_tag":[],"class_list":{"0":"post-10380","1":"product","2":"type-product","3":"status-publish","4":"has-post-thumbnail","6":"product_cat-paber-valjaloiked","8":"first","9":"outofstock","10":"taxable","11":"shipping-taxable","12":"purchasable","13":"product-type-simple","14":"prodpage-classic"},"_links":{"self":[{"href":"https:\/\/summerdesign.ee\/en\/wp-json\/wp\/v2\/product\/10380","targetHints":{"allow":["GET"]}}],"collection":[{"href":"https:\/\/summerdesign.ee\/en\/wp-json\/wp\/v2\/product"}],"about":[{"href":"https:\/\/summerdesign.ee\/en\/wp-json\/wp\/v2\/types\/product"}],"wp:featuredmedia":[{"embeddable":true,"href":"https:\/\/summerdesign.ee\/en\/wp-json\/wp\/v2\/media\/16406"}],"wp:attachment":[{"href":"https:\/\/summerdesign.ee\/en\/wp-json\/wp\/v2\/media?parent=10380"}],"wp:term":[{"taxonomy":"product_brand","embeddable":true,"href":"https:\/\/summerdesign.ee\/en\/wp-json\/wp\/v2\/product_brand?post=10380"},{"taxonomy":"product_cat","embeddable":true,"href":"https:\/\/summerdesign.ee\/en\/wp-json\/wp\/v2\/product_cat?post=10380"},{"taxonomy":"product_tag","embeddable":true,"href":"https:\/\/summerdesign.ee\/en\/wp-json\/wp\/v2\/product_tag?post=10380"}],"curies":[{"name":"wp","href":"https:\/\/api.w.org\/{rel}","templated":true}]}}