{"id":10368,"date":"2023-02-20T12:06:33","date_gmt":"2023-02-20T09:06:33","guid":{"rendered":"https:\/\/summerdesign.ee\/toode\/kartongist-valjaloiked-44tk-retseptid\/"},"modified":"2025-10-21T20:22:44","modified_gmt":"2025-10-21T17:22:44","slug":"kartongist-valjaloiked-44tk-retseptid","status":"publish","type":"product","link":"https:\/\/summerdesign.ee\/en\/pood\/paber\/paber-valjaloiked\/kartongist-valjaloiked-44tk-retseptid\/","title":{"rendered":"Kartongist v\u00e4ljal\u00f5iked &#8211; retseptid"},"content":{"rendered":"<p>Valget kirja saab mugavalt nt templiv\u00e4rviga toonida endale sobiv toon!&nbsp;<\/p>","protected":false},"excerpt":{"rendered":"<p>Pakis: 4x tume pruun kiri &#8220;Retseptid&#8221; (71 x 19 mm)<br \/>\n           4x valge taust (75 x 22 mm) <\/p>","protected":false},"featured_media":10823,"template":"","meta":[],"product_brand":[],"product_cat":[280],"product_tag":[],"class_list":{"0":"post-10368","1":"product","2":"type-product","3":"status-publish","4":"has-post-thumbnail","6":"product_cat-paber-valjaloiked","8":"first","9":"instock","10":"taxable","11":"shipping-taxable","12":"purchasable","13":"product-type-simple","14":"prodpage-classic"},"_links":{"self":[{"href":"https:\/\/summerdesign.ee\/en\/wp-json\/wp\/v2\/product\/10368","targetHints":{"allow":["GET"]}}],"collection":[{"href":"https:\/\/summerdesign.ee\/en\/wp-json\/wp\/v2\/product"}],"about":[{"href":"https:\/\/summerdesign.ee\/en\/wp-json\/wp\/v2\/types\/product"}],"wp:featuredmedia":[{"embeddable":true,"href":"https:\/\/summerdesign.ee\/en\/wp-json\/wp\/v2\/media\/10823"}],"wp:attachment":[{"href":"https:\/\/summerdesign.ee\/en\/wp-json\/wp\/v2\/media?parent=10368"}],"wp:term":[{"taxonomy":"product_brand","embeddable":true,"href":"https:\/\/summerdesign.ee\/en\/wp-json\/wp\/v2\/product_brand?post=10368"},{"taxonomy":"product_cat","embeddable":true,"href":"https:\/\/summerdesign.ee\/en\/wp-json\/wp\/v2\/product_cat?post=10368"},{"taxonomy":"product_tag","embeddable":true,"href":"https:\/\/summerdesign.ee\/en\/wp-json\/wp\/v2\/product_tag?post=10368"}],"curies":[{"name":"wp","href":"https:\/\/api.w.org\/{rel}","templated":true}]}}