{"id":10349,"date":"2023-02-20T12:06:17","date_gmt":"2023-02-20T09:06:17","guid":{"rendered":"https:\/\/summerdesign.ee\/toode\/valjaloiked-oksad-8tk-hobe-peegel\/"},"modified":"2025-10-21T20:20:31","modified_gmt":"2025-10-21T17:20:31","slug":"valjaloiked-oksad-8tk-hobe-peegel","status":"publish","type":"product","link":"https:\/\/summerdesign.ee\/en\/pood\/paber\/paber-valjaloiked\/valjaloiked-oksad-8tk-hobe-peegel\/","title":{"rendered":"V\u00e4ljal\u00f5iked oksad 8tk &#8211; h\u00f5be peegel"},"content":{"rendered":"","protected":false},"excerpt":{"rendered":"<p>M\u00f5\u00f5t: pikkus 8 cm<br \/>\nPakis: 4+4 tk<\/p>","protected":false},"featured_media":10348,"template":"","meta":[],"product_brand":[],"product_cat":[280],"product_tag":[],"class_list":{"0":"post-10349","1":"product","2":"type-product","3":"status-publish","4":"has-post-thumbnail","6":"product_cat-paber-valjaloiked","8":"first","9":"instock","10":"taxable","11":"shipping-taxable","12":"purchasable","13":"product-type-simple","14":"prodpage-classic"},"_links":{"self":[{"href":"https:\/\/summerdesign.ee\/en\/wp-json\/wp\/v2\/product\/10349","targetHints":{"allow":["GET"]}}],"collection":[{"href":"https:\/\/summerdesign.ee\/en\/wp-json\/wp\/v2\/product"}],"about":[{"href":"https:\/\/summerdesign.ee\/en\/wp-json\/wp\/v2\/types\/product"}],"wp:featuredmedia":[{"embeddable":true,"href":"https:\/\/summerdesign.ee\/en\/wp-json\/wp\/v2\/media\/10348"}],"wp:attachment":[{"href":"https:\/\/summerdesign.ee\/en\/wp-json\/wp\/v2\/media?parent=10349"}],"wp:term":[{"taxonomy":"product_brand","embeddable":true,"href":"https:\/\/summerdesign.ee\/en\/wp-json\/wp\/v2\/product_brand?post=10349"},{"taxonomy":"product_cat","embeddable":true,"href":"https:\/\/summerdesign.ee\/en\/wp-json\/wp\/v2\/product_cat?post=10349"},{"taxonomy":"product_tag","embeddable":true,"href":"https:\/\/summerdesign.ee\/en\/wp-json\/wp\/v2\/product_tag?post=10349"}],"curies":[{"name":"wp","href":"https:\/\/api.w.org\/{rel}","templated":true}]}}