{"id":10339,"date":"2023-02-20T12:06:07","date_gmt":"2023-02-20T09:06:07","guid":{"rendered":"https:\/\/summerdesign.ee\/toode\/glitterkartongist-valjaloiked-hobedased-tahed\/"},"modified":"2025-10-21T20:26:04","modified_gmt":"2025-10-21T17:26:04","slug":"metallik-valge-kartongist-valjaloiked-6-tk-pokaalid","status":"publish","type":"product","link":"https:\/\/summerdesign.ee\/en\/pood\/paber\/paber-valjaloiked\/metallik-valge-kartongist-valjaloiked-6-tk-pokaalid\/","title":{"rendered":"Metallik valge kartongist v\u00e4ljal\u00f5iked 6 tk &#8211; pokaalid"},"content":{"rendered":"","protected":false},"excerpt":{"rendered":"<p>Toode on ettetellimisega ja ooteaeg on 2-3 t\u00f6\u00f6p\u00e4eva!<\/p>\n<p>M\u00f5\u00f5dud: 73 x 24 mm<br \/>\nPakis: 6 tk<\/p>","protected":false},"featured_media":20504,"template":"","meta":[],"product_brand":[],"product_cat":[280],"product_tag":[],"class_list":{"0":"post-10339","1":"product","2":"type-product","3":"status-publish","4":"has-post-thumbnail","6":"product_cat-paber-valjaloiked","8":"first","9":"outofstock","10":"taxable","11":"shipping-taxable","12":"purchasable","13":"product-type-simple","14":"prodpage-classic"},"_links":{"self":[{"href":"https:\/\/summerdesign.ee\/en\/wp-json\/wp\/v2\/product\/10339","targetHints":{"allow":["GET"]}}],"collection":[{"href":"https:\/\/summerdesign.ee\/en\/wp-json\/wp\/v2\/product"}],"about":[{"href":"https:\/\/summerdesign.ee\/en\/wp-json\/wp\/v2\/types\/product"}],"wp:featuredmedia":[{"embeddable":true,"href":"https:\/\/summerdesign.ee\/en\/wp-json\/wp\/v2\/media\/20504"}],"wp:attachment":[{"href":"https:\/\/summerdesign.ee\/en\/wp-json\/wp\/v2\/media?parent=10339"}],"wp:term":[{"taxonomy":"product_brand","embeddable":true,"href":"https:\/\/summerdesign.ee\/en\/wp-json\/wp\/v2\/product_brand?post=10339"},{"taxonomy":"product_cat","embeddable":true,"href":"https:\/\/summerdesign.ee\/en\/wp-json\/wp\/v2\/product_cat?post=10339"},{"taxonomy":"product_tag","embeddable":true,"href":"https:\/\/summerdesign.ee\/en\/wp-json\/wp\/v2\/product_tag?post=10339"}],"curies":[{"name":"wp","href":"https:\/\/api.w.org\/{rel}","templated":true}]}}