{"id":10327,"date":"2023-02-20T12:05:55","date_gmt":"2023-02-20T09:05:55","guid":{"rendered":"https:\/\/summerdesign.ee\/toode\/metallik-kartongist-valjaloiked-12tk-joulutaht\/"},"modified":"2025-10-21T20:21:54","modified_gmt":"2025-10-21T17:21:54","slug":"metallik-kartongist-valjaloiked-12tk-joulutaht","status":"publish","type":"product","link":"https:\/\/summerdesign.ee\/en\/pood\/paber\/paber-valjaloiked\/metallik-kartongist-valjaloiked-12tk-joulutaht\/","title":{"rendered":"Metallik kartongist v\u00e4ljal\u00f5iked 12tk &#8211; j\u00f5ulut\u00e4ht"},"content":{"rendered":"","protected":false},"excerpt":{"rendered":"<p>Pakis on kolmes suuruses j\u00f5ulut\u00e4he v\u00e4ljal\u00f5iked. 4tk &#8211; 48mm 4tk &#8211; 38mm 4tk &#8211; 28mm<\/p>","protected":false},"featured_media":0,"template":"","meta":[],"product_brand":[],"product_cat":[280],"product_tag":[],"class_list":{"0":"post-10327","1":"product","2":"type-product","3":"status-publish","5":"product_cat-paber-valjaloiked","7":"first","8":"outofstock","9":"taxable","10":"shipping-taxable","11":"purchasable","12":"product-type-simple","13":"prodpage-classic"},"_links":{"self":[{"href":"https:\/\/summerdesign.ee\/en\/wp-json\/wp\/v2\/product\/10327","targetHints":{"allow":["GET"]}}],"collection":[{"href":"https:\/\/summerdesign.ee\/en\/wp-json\/wp\/v2\/product"}],"about":[{"href":"https:\/\/summerdesign.ee\/en\/wp-json\/wp\/v2\/types\/product"}],"wp:attachment":[{"href":"https:\/\/summerdesign.ee\/en\/wp-json\/wp\/v2\/media?parent=10327"}],"wp:term":[{"taxonomy":"product_brand","embeddable":true,"href":"https:\/\/summerdesign.ee\/en\/wp-json\/wp\/v2\/product_brand?post=10327"},{"taxonomy":"product_cat","embeddable":true,"href":"https:\/\/summerdesign.ee\/en\/wp-json\/wp\/v2\/product_cat?post=10327"},{"taxonomy":"product_tag","embeddable":true,"href":"https:\/\/summerdesign.ee\/en\/wp-json\/wp\/v2\/product_tag?post=10327"}],"curies":[{"name":"wp","href":"https:\/\/api.w.org\/{rel}","templated":true}]}}